{"id":357121,"date":"2017-03-12T13:47:50","date_gmt":"2017-03-12T12:47:50","guid":{"rendered":"https:\/\/www.strikecalzature.it\/shop\/unkategorisiert\/hogan-damen-sneaker-r261-multicolor-aus-wildleder-leder-und-technischem-mesh-gewebe\/"},"modified":"2026-03-12T21:47:45","modified_gmt":"2026-02-18T23:29:52","slug":"hogan-damen-sneaker-r261-multicolor-aus-wildleder-leder-und-technischem-mesh-gewebe","status":"publish","type":"product","link":"https:\/\/www.strikecalzature.it\/de\/shop\/damen\/extra-10-rabatt-damen\/hogan-damen-sneaker-r261-multicolor-aus-wildleder-leder-und-technischem-mesh-gewebe\/","title":{"rendered":"HOGAN Damen-Sneaker R261 Multicolor aus Wildleder, Leder und technischem Mesh-Gewebe"},"content":{"rendered":"<p data-start=\"226\" data-end=\"235\"><strong data-start=\"226\" data-end=\"235\">HOGAN<\/strong><\/p>\n<p data-start=\"237\" data-end=\"254\">Hogan Damenschuhe<\/p>\n<p data-start=\"256\" data-end=\"475\">Sneaker R261 in Multicolor aus Wildleder, technischem Mesh-Gewebe sowie Eins\u00e4tzen aus Leder und Lackleder. Farbdetails in Schwarz, Wei\u00df, T\u00fcrkis, Gr\u00fcn und Violett verleihen dem Modell einen dynamischen und modernen Look.<\/p>\n<p data-start=\"477\" data-end=\"533\">Modell: HXW2610Q900C7Z0XE5<br data-start=\"503\" data-end=\"506\" \/>Kollektion: Fr\u00fchjahr-Sommer<\/p>\n","protected":false},"excerpt":{"rendered":"<p>HOGAN Hogan Damenschuhe Sneaker R261 in Multicolor aus Wildleder, technischem Mesh-Gewebe sowie Eins\u00e4tzen aus Leder und Lackleder. Farbdetails in Schwarz, [&hellip;]<\/p>\n","protected":false},"featured_media":357122,"template":"","meta":{"_acf_changed":false,"_uag_custom_page_level_css":"","site-sidebar-layout":"default","site-content-layout":"","ast-site-content-layout":"default","site-content-style":"default","site-sidebar-style":"default","ast-global-header-display":"","ast-banner-title-visibility":"","ast-main-header-display":"","ast-hfb-above-header-display":"","ast-hfb-below-header-display":"","ast-hfb-mobile-header-display":"","site-post-title":"","ast-breadcrumbs-content":"","ast-featured-img":"","footer-sml-layout":"","ast-disable-related-posts":"","theme-transparent-header-meta":"","adv-header-id-meta":"","stick-header-meta":"","header-above-stick-meta":"","header-main-stick-meta":"","header-below-stick-meta":"","astra-migrate-meta-layouts":"default","ast-page-background-enabled":"default","ast-page-background-meta":{"desktop":{"background-color":"var(--ast-global-color-5)","background-image":"","background-repeat":"repeat","background-position":"center center","background-size":"auto","background-attachment":"scroll","background-type":"","background-media":"","overlay-type":"","overlay-color":"","overlay-opacity":"","overlay-gradient":""},"tablet":{"background-color":"","background-image":"","background-repeat":"repeat","background-position":"center center","background-size":"auto","background-attachment":"scroll","background-type":"","background-media":"","overlay-type":"","overlay-color":"","overlay-opacity":"","overlay-gradient":""},"mobile":{"background-color":"","background-image":"","background-repeat":"repeat","background-position":"center center","background-size":"auto","background-attachment":"scroll","background-type":"","background-media":"","overlay-type":"","overlay-color":"","overlay-opacity":"","overlay-gradient":""}},"ast-content-background-meta":{"desktop":{"background-color":"var(--ast-global-color-4)","background-image":"","background-repeat":"repeat","background-position":"center center","background-size":"auto","background-attachment":"scroll","background-type":"","background-media":"","overlay-type":"","overlay-color":"","overlay-opacity":"","overlay-gradient":""},"tablet":{"background-color":"var(--ast-global-color-4)","background-image":"","background-repeat":"repeat","background-position":"center center","background-size":"auto","background-attachment":"scroll","background-type":"","background-media":"","overlay-type":"","overlay-color":"","overlay-opacity":"","overlay-gradient":""},"mobile":{"background-color":"var(--ast-global-color-4)","background-image":"","background-repeat":"repeat","background-position":"center center","background-size":"auto","background-attachment":"scroll","background-type":"","background-media":"","overlay-type":"","overlay-color":"","overlay-opacity":"","overlay-gradient":""}}},"product_brand":[7072],"product_cat":[7174,6908,6927],"product_tag":[],"class_list":{"0":"post-357121","1":"product","2":"type-product","3":"status-publish","4":"has-post-thumbnail","6":"product_brand-hogan","7":"product_cat-extra-10-rabatt-damen","8":"product_cat-hogan","9":"product_cat-sneakers","10":"pa_colori-mehrfarbig","11":"pa_marca-hogan","12":"pa_scontoextra-10-extra-rabatt-gutschein-extra10","13":"pa_taglie-388","14":"pa_taglie-36-5","15":"pa_taglie-390","16":"pa_taglie-392","17":"pa_taglie-38-5","18":"pa_taglie-396","19":"desktop-align-left","20":"tablet-align-left","21":"mobile-align-left","22":"ast-product-gallery-layout-horizontal-slider","23":"ast-product-single-variable","24":"ast-product-tabs-layout-horizontal","26":"first","27":"instock","28":"sale","29":"shipping-taxable","30":"purchasable","31":"product-type-variable"},"acf":[],"spectra_custom_meta":{"rank_math_primary_product_cat":[""],"_backorders":["no"],"_download_limit":["-1"],"_download_expiry":["-1"],"_downloadable":["no"],"_featured":["no"],"_manage_stock":["yes"],"_sold_individually":[""],"_tax_status":["taxable"],"_virtual":["no"],"_visibility":["visible"],"_weight":["0.00"],"_width":[""],"_height":[""],"_length":[""],"total_sales":["0"],"_min_variation_regular_price":["275"],"_min_variation_sale_price":["176"],"_max_variation_regular_price":["275"],"_max_variation_sale_price":["176"],"_sale_price_dates_from":["-62169984000"],"_sale_price_dates_to":["-62169984000"],"rank_math_robots":["a:1:{i:0;s:5:\"index\";}"],"_thumbnail_id":["357122"],"rank_math_analytic_object_id":["2506"],"_purchase_note":[""],"_wcml_average_rating":[null],"_wcml_review_count":[null],"_wcml_rating_count":[null],"attr_label_translations":["a:1:{s:2:\"de\";a:7:{s:5:\"color\";s:5:\"Color\";s:4:\"size\";s:4:\"Size\";s:5:\"suola\";s:5:\"Suola\";s:5:\"marca\";s:5:\"Marca\";s:10:\"collezione\";s:10:\"Collezione\";s:22:\"prezzo-di-listino-euro\";s:22:\"Prezzo di listino Euro\";s:5:\"style\";s:5:\"Style\";}}"],"_product_attributes":["a:13:{s:5:\"color\";a:6:{s:4:\"name\";s:5:\"Color\";s:5:\"value\";s:0:\"\";s:8:\"position\";s:1:\"0\";s:10:\"is_visible\";i:0;s:12:\"is_variation\";i:0;s:11:\"is_taxonomy\";i:0;}s:4:\"size\";a:6:{s:4:\"name\";s:4:\"Size\";s:5:\"value\";s:0:\"\";s:8:\"position\";s:1:\"1\";s:10:\"is_visible\";i:0;s:12:\"is_variation\";i:0;s:11:\"is_taxonomy\";i:0;}s:5:\"suola\";a:6:{s:4:\"name\";s:5:\"Suola\";s:5:\"value\";s:0:\"\";s:8:\"position\";s:1:\"2\";s:10:\"is_visible\";i:1;s:12:\"is_variation\";i:0;s:11:\"is_taxonomy\";i:0;}s:5:\"marca\";a:6:{s:4:\"name\";s:5:\"Marca\";s:5:\"value\";s:0:\"\";s:8:\"position\";s:1:\"3\";s:10:\"is_visible\";i:1;s:12:\"is_variation\";i:0;s:11:\"is_taxonomy\";i:0;}s:10:\"collezione\";a:6:{s:4:\"name\";s:10:\"Collezione\";s:5:\"value\";s:0:\"\";s:8:\"position\";s:1:\"4\";s:10:\"is_visible\";i:1;s:12:\"is_variation\";i:0;s:11:\"is_taxonomy\";i:0;}s:22:\"prezzo-di-listino-euro\";a:6:{s:4:\"name\";s:22:\"Prezzo di listino Euro\";s:5:\"value\";s:0:\"\";s:8:\"position\";s:1:\"5\";s:10:\"is_visible\";i:1;s:12:\"is_variation\";i:0;s:11:\"is_taxonomy\";i:0;}s:5:\"style\";a:6:{s:4:\"name\";s:5:\"Style\";s:5:\"value\";s:0:\"\";s:8:\"position\";s:1:\"6\";s:10:\"is_visible\";i:1;s:12:\"is_variation\";i:0;s:11:\"is_taxonomy\";i:0;}s:8:\"pa_marca\";a:6:{s:4:\"name\";s:8:\"pa_marca\";s:5:\"value\";s:0:\"\";s:8:\"position\";s:1:\"9\";s:10:\"is_visible\";i:1;s:12:\"is_variation\";i:0;s:11:\"is_taxonomy\";i:1;}s:6:\"pa_mpn\";a:6:{s:4:\"name\";s:6:\"pa_mpn\";s:5:\"value\";s:0:\"\";s:8:\"position\";s:2:\"10\";s:10:\"is_visible\";i:1;s:12:\"is_variation\";i:0;s:11:\"is_taxonomy\";i:1;}s:11:\"pa_stagione\";a:6:{s:4:\"name\";s:11:\"pa_stagione\";s:10:\"is_visible\";i:0;s:11:\"is_taxonomy\";i:1;s:12:\"is_variation\";i:0;s:5:\"value\";s:0:\"\";s:8:\"position\";i:12;}s:14:\"pa_scontoextra\";a:6:{s:4:\"name\";s:14:\"pa_scontoextra\";s:10:\"is_visible\";i:1;s:11:\"is_taxonomy\";i:1;s:12:\"is_variation\";i:0;s:5:\"value\";s:0:\"\";s:8:\"position\";i:13;}s:9:\"pa_taglie\";a:6:{s:4:\"name\";s:9:\"pa_taglie\";s:5:\"value\";s:0:\"\";s:8:\"position\";s:1:\"8\";s:10:\"is_visible\";i:1;s:12:\"is_variation\";i:1;s:11:\"is_taxonomy\";i:1;}s:9:\"pa_colori\";a:6:{s:4:\"name\";s:9:\"pa_colori\";s:5:\"value\";s:0:\"\";s:8:\"position\";s:1:\"7\";s:10:\"is_visible\";i:1;s:12:\"is_variation\";i:1;s:11:\"is_taxonomy\";i:1;}}"],"_default_attributes":["a:0:{}"],"_min_sale_price_variation_id":["357129"],"_max_sale_price_variation_id":["357129"],"_wpml_word_count":["65"],"_edit_lock":["1771455595:436"],"_uag_page_assets":["a:9:{s:3:\"css\";s:263:\".uag-blocks-common-selector{z-index:var(--z-index-desktop) !important}@media (max-width: 976px){.uag-blocks-common-selector{z-index:var(--z-index-tablet) !important}}@media (max-width: 767px){.uag-blocks-common-selector{z-index:var(--z-index-mobile) !important}}\n\";s:2:\"js\";s:0:\"\";s:18:\"current_block_list\";a:4:{i:0;s:14:\"core\/paragraph\";i:1;s:18:\"core\/legacy-widget\";i:2;s:14:\"core\/shortcode\";i:3;s:22:\"wpml\/language-switcher\";}s:8:\"uag_flag\";b:0;s:11:\"uag_version\";s:10:\"1775901510\";s:6:\"gfonts\";a:0:{}s:10:\"gfonts_url\";s:0:\"\";s:12:\"gfonts_files\";a:0:{}s:14:\"uag_faq_layout\";b:0;}"],"_sku":["HOGAN-HXW2610Q900C7Z0XE5"],"_wpml_media_featured":["1"],"_wpml_media_duplicate":["1"],"_stock":["3"],"_stock_status":["instock"],"_tax_class":[""],"_max_price_variation_id":["357134"],"_min_price_variation_id":["357134"],"_max_regular_price_variation_id":["357134"],"_min_regular_price_variation_id":["357134"],"_min_variation_price":["102"],"_max_variation_price":["102"],"_price":["102"],"_regular_price":["275"],"_uag_css_file_name":["uag-css-357121.css"],"_wc_rating_count":[""],"_wc_review_count":[""],"_wc_average_rating":[0]},"uagb_featured_image_src":{"full":["https:\/\/www.strikecalzature.it\/wp-content\/uploads\/2017\/03\/hogan-hxw2610q900c7z0xe5-hxw2610q900c7z0xe5-001.jpg",2000,2000,false],"thumbnail":["https:\/\/www.strikecalzature.it\/wp-content\/uploads\/2017\/03\/hogan-hxw2610q900c7z0xe5-hxw2610q900c7z0xe5-001-250x250.jpg",250,250,true],"medium":["https:\/\/www.strikecalzature.it\/wp-content\/uploads\/2017\/03\/hogan-hxw2610q900c7z0xe5-hxw2610q900c7z0xe5-001-300x300.jpg",300,300,true],"medium_large":["https:\/\/www.strikecalzature.it\/wp-content\/uploads\/2017\/03\/hogan-hxw2610q900c7z0xe5-hxw2610q900c7z0xe5-001-768x768.jpg",768,768,true],"large":["https:\/\/www.strikecalzature.it\/wp-content\/uploads\/2017\/03\/hogan-hxw2610q900c7z0xe5-hxw2610q900c7z0xe5-001-1024x1024.jpg",1024,1024,true],"1536x1536":["https:\/\/www.strikecalzature.it\/wp-content\/uploads\/2017\/03\/hogan-hxw2610q900c7z0xe5-hxw2610q900c7z0xe5-001-1536x1536.jpg",1536,1536,true],"2048x2048":["https:\/\/www.strikecalzature.it\/wp-content\/uploads\/2017\/03\/hogan-hxw2610q900c7z0xe5-hxw2610q900c7z0xe5-001.jpg",2000,2000,false],"woocommerce_thumbnail":["https:\/\/www.strikecalzature.it\/wp-content\/uploads\/2017\/03\/hogan-hxw2610q900c7z0xe5-hxw2610q900c7z0xe5-001-320x320.jpg",320,320,true],"woocommerce_single":["https:\/\/www.strikecalzature.it\/wp-content\/uploads\/2017\/03\/hogan-hxw2610q900c7z0xe5-hxw2610q900c7z0xe5-001-600x600.jpg",600,600,true],"woocommerce_gallery_thumbnail":["https:\/\/www.strikecalzature.it\/wp-content\/uploads\/2017\/03\/hogan-hxw2610q900c7z0xe5-hxw2610q900c7z0xe5-001-100x100.jpg",100,100,true]},"uagb_author_info":{"display_name":"Sistema","author_link":"https:\/\/www.strikecalzature.it\/de\/author\/"},"uagb_comment_info":0,"uagb_excerpt":"HOGAN Hogan Damenschuhe Sneaker R261 in Multicolor aus Wildleder, technischem Mesh-Gewebe sowie Eins\u00e4tzen aus Leder und Lackleder. Farbdetails in Schwarz, [&hellip;]","_links":{"self":[{"href":"https:\/\/www.strikecalzature.it\/de\/wp-json\/wp\/v2\/product\/357121","targetHints":{"allow":["GET"]}}],"collection":[{"href":"https:\/\/www.strikecalzature.it\/de\/wp-json\/wp\/v2\/product"}],"about":[{"href":"https:\/\/www.strikecalzature.it\/de\/wp-json\/wp\/v2\/types\/product"}],"wp:featuredmedia":[{"embeddable":true,"href":"https:\/\/www.strikecalzature.it\/de\/wp-json\/wp\/v2\/media\/357122"}],"wp:attachment":[{"href":"https:\/\/www.strikecalzature.it\/de\/wp-json\/wp\/v2\/media?parent=357121"}],"wp:term":[{"taxonomy":"product_brand","embeddable":true,"href":"https:\/\/www.strikecalzature.it\/de\/wp-json\/wp\/v2\/product_brand?post=357121"},{"taxonomy":"product_cat","embeddable":true,"href":"https:\/\/www.strikecalzature.it\/de\/wp-json\/wp\/v2\/product_cat?post=357121"},{"taxonomy":"product_tag","embeddable":true,"href":"https:\/\/www.strikecalzature.it\/de\/wp-json\/wp\/v2\/product_tag?post=357121"}],"curies":[{"name":"wp","href":"https:\/\/api.w.org\/{rel}","templated":true}]}}