{"id":360697,"date":"2024-02-07T13:54:53","date_gmt":"2024-02-07T12:54:53","guid":{"rendered":"https:\/\/www.strikecalzature.it\/shop\/unkategorisiert\/hogan-damen-rebel-sneaker-aus-veloursleder-beige-mit-rosa\/"},"modified":"2026-04-08T19:38:55","modified_gmt":"2024-02-07T12:54:53","slug":"hogan-damen-rebel-sneaker-aus-veloursleder-beige-mit-rosa","status":"publish","type":"product","link":"https:\/\/www.strikecalzature.it\/de\/shop\/marke\/hogan\/hogan-damen-rebel-sneaker-aus-veloursleder-beige-mit-rosa\/","title":{"rendered":"HOGAN Damen Rebel Sneaker aus Veloursleder BEIGE mit Rosa"},"content":{"rendered":"<p data-start=\"63\" data-end=\"82\">Damenschuhe<\/p>\n<p data-start=\"84\" data-end=\"482\">Rebel Sneaker aus beigem Veloursleder mit Fersendetail aus gr\u00fcn schimmerndem Metallic-Leder. Seitliches, wellenf\u00f6rmiges Hogan-Monogramm mit Perforationen. Glamour-Schn\u00fcrung aus rosafarbenem Textil im Kontrast, zus\u00e4tzliche Standard-Schn\u00fcrsenkel inklusive. Innenfussbett aus Memory Foam (0,5 cm). Kordel mit sichtbaren rosafarbenen Ziern\u00e4hten. Leichte Gummisohle. Wahrgenommene Gesamth\u00f6he ca. 5 cm.<\/p>\n<p data-start=\"484\" data-end=\"512\">Modell: HXW6360EA12NEB0VA8<\/p>\n<p data-start=\"514\" data-end=\"529\">Made in Italy<\/p>\n<p data-start=\"531\" data-end=\"558\" data-is-last-node=\"\" data-is-only-node=\"\">Kollektion: Fr\u00fchjahr-Sommer<\/p>\n","protected":false},"excerpt":{"rendered":"<p>Damenschuhe Rebel Sneaker aus beigem Veloursleder mit Fersendetail aus gr\u00fcn schimmerndem Metallic-Leder. Seitliches, wellenf\u00f6rmiges Hogan-Monogramm mit Perforationen. Glamour-Schn\u00fcrung aus rosafarbenem [&hellip;]<\/p>\n","protected":false},"featured_media":360699,"template":"","meta":{"_acf_changed":false,"_uag_custom_page_level_css":"","site-sidebar-layout":"default","site-content-layout":"","ast-site-content-layout":"default","site-content-style":"default","site-sidebar-style":"default","ast-global-header-display":"","ast-banner-title-visibility":"","ast-main-header-display":"","ast-hfb-above-header-display":"","ast-hfb-below-header-display":"","ast-hfb-mobile-header-display":"","site-post-title":"","ast-breadcrumbs-content":"","ast-featured-img":"","footer-sml-layout":"","ast-disable-related-posts":"","theme-transparent-header-meta":"","adv-header-id-meta":"","stick-header-meta":"","header-above-stick-meta":"","header-main-stick-meta":"","header-below-stick-meta":"","astra-migrate-meta-layouts":"default","ast-page-background-enabled":"default","ast-page-background-meta":{"desktop":{"background-color":"var(--ast-global-color-5)","background-image":"","background-repeat":"repeat","background-position":"center center","background-size":"auto","background-attachment":"scroll","background-type":"","background-media":"","overlay-type":"","overlay-color":"","overlay-opacity":"","overlay-gradient":""},"tablet":{"background-color":"","background-image":"","background-repeat":"repeat","background-position":"center center","background-size":"auto","background-attachment":"scroll","background-type":"","background-media":"","overlay-type":"","overlay-color":"","overlay-opacity":"","overlay-gradient":""},"mobile":{"background-color":"","background-image":"","background-repeat":"repeat","background-position":"center center","background-size":"auto","background-attachment":"scroll","background-type":"","background-media":"","overlay-type":"","overlay-color":"","overlay-opacity":"","overlay-gradient":""}},"ast-content-background-meta":{"desktop":{"background-color":"var(--ast-global-color-4)","background-image":"","background-repeat":"repeat","background-position":"center center","background-size":"auto","background-attachment":"scroll","background-type":"","background-media":"","overlay-type":"","overlay-color":"","overlay-opacity":"","overlay-gradient":""},"tablet":{"background-color":"var(--ast-global-color-4)","background-image":"","background-repeat":"repeat","background-position":"center center","background-size":"auto","background-attachment":"scroll","background-type":"","background-media":"","overlay-type":"","overlay-color":"","overlay-opacity":"","overlay-gradient":""},"mobile":{"background-color":"var(--ast-global-color-4)","background-image":"","background-repeat":"repeat","background-position":"center center","background-size":"auto","background-attachment":"scroll","background-type":"","background-media":"","overlay-type":"","overlay-color":"","overlay-opacity":"","overlay-gradient":""}}},"product_brand":[7072],"product_cat":[6908,6927],"product_tag":[],"class_list":{"0":"post-360697","1":"product","2":"type-product","3":"status-publish","4":"has-post-thumbnail","6":"product_brand-hogan","7":"product_cat-hogan","8":"product_cat-sneakers","9":"pa_colori-beige","10":"pa_marca-hogan","11":"pa_taglie-39-5","12":"desktop-align-left","13":"tablet-align-left","14":"mobile-align-left","15":"ast-product-gallery-layout-horizontal-slider","16":"ast-product-single-variable","17":"ast-product-tabs-layout-horizontal","19":"first","20":"outofstock","21":"sale","22":"shipping-taxable","23":"purchasable","24":"product-type-variable"},"acf":[],"spectra_custom_meta":{"rank_math_primary_product_cat":[""],"_backorders":["no"],"_download_limit":["-1"],"_download_expiry":["-1"],"_downloadable":["no"],"_manage_stock":["yes"],"_sold_individually":["no"],"_tax_status":["taxable"],"_virtual":["no"],"_visibility":["visible"],"_weight":["0"],"_width":["0"],"_height":["0"],"_length":["0"],"total_sales":["0"],"rank_math_robots":["a:1:{i:0;s:5:\"index\";}"],"_thumbnail_id":["360699"],"rank_math_analytic_object_id":["2591"],"_wcml_average_rating":[null],"_wcml_review_count":[null],"_wcml_rating_count":[null],"attr_label_translations":["a:1:{s:2:\"de\";a:6:{s:6:\"colore\";s:0:\"\";s:6:\"numero\";s:0:\"\";s:5:\"suola\";s:0:\"\";s:22:\"prezzo-di-listino-euro\";s:0:\"\";s:5:\"style\";s:0:\"\";s:10:\"collezione\";s:0:\"\";}}"],"_product_attributes":["a:12:{s:6:\"colore\";a:6:{s:4:\"name\";s:6:\"Colore\";s:5:\"value\";s:0:\"\";s:8:\"position\";i:0;s:10:\"is_visible\";i:0;s:12:\"is_variation\";i:0;s:11:\"is_taxonomy\";i:0;}s:6:\"numero\";a:6:{s:4:\"name\";s:6:\"Numero\";s:5:\"value\";s:0:\"\";s:8:\"position\";i:1;s:10:\"is_visible\";i:0;s:12:\"is_variation\";i:0;s:11:\"is_taxonomy\";i:0;}s:5:\"suola\";a:6:{s:4:\"name\";s:5:\"Suola\";s:5:\"value\";s:0:\"\";s:8:\"position\";i:2;s:10:\"is_visible\";i:1;s:12:\"is_variation\";i:0;s:11:\"is_taxonomy\";i:0;}s:22:\"prezzo-di-listino-euro\";a:6:{s:4:\"name\";s:22:\"Prezzo di listino Euro\";s:5:\"value\";s:0:\"\";s:8:\"position\";i:3;s:10:\"is_visible\";i:1;s:12:\"is_variation\";i:0;s:11:\"is_taxonomy\";i:0;}s:5:\"style\";a:6:{s:4:\"name\";s:5:\"Style\";s:5:\"value\";s:0:\"\";s:8:\"position\";i:4;s:10:\"is_visible\";i:1;s:12:\"is_variation\";i:0;s:11:\"is_taxonomy\";i:0;}s:10:\"collezione\";a:6:{s:4:\"name\";s:10:\"Collezione\";s:5:\"value\";s:0:\"\";s:8:\"position\";i:5;s:10:\"is_visible\";i:1;s:12:\"is_variation\";i:0;s:11:\"is_taxonomy\";i:0;}s:8:\"pa_marca\";a:6:{s:4:\"name\";s:8:\"pa_marca\";s:5:\"value\";s:0:\"\";s:8:\"position\";i:9;s:10:\"is_visible\";i:1;s:12:\"is_variation\";i:0;s:11:\"is_taxonomy\";i:1;}s:6:\"pa_mpn\";a:6:{s:4:\"name\";s:6:\"pa_mpn\";s:5:\"value\";s:0:\"\";s:8:\"position\";i:10;s:10:\"is_visible\";i:1;s:12:\"is_variation\";i:0;s:11:\"is_taxonomy\";i:1;}s:11:\"pa_stagione\";a:6:{s:4:\"name\";s:11:\"pa_stagione\";s:5:\"value\";s:0:\"\";s:8:\"position\";i:11;s:10:\"is_visible\";i:0;s:12:\"is_variation\";i:0;s:11:\"is_taxonomy\";i:1;}s:13:\"pa_collezione\";a:6:{s:4:\"name\";s:13:\"pa_collezione\";s:5:\"value\";s:0:\"\";s:8:\"position\";i:12;s:10:\"is_visible\";i:0;s:12:\"is_variation\";i:0;s:11:\"is_taxonomy\";i:1;}s:9:\"pa_taglie\";a:6:{s:4:\"name\";s:9:\"pa_taglie\";s:5:\"value\";s:0:\"\";s:8:\"position\";i:8;s:10:\"is_visible\";i:1;s:12:\"is_variation\";i:1;s:11:\"is_taxonomy\";i:1;}s:9:\"pa_colori\";a:6:{s:4:\"name\";s:9:\"pa_colori\";s:5:\"value\";s:0:\"\";s:8:\"position\";i:7;s:10:\"is_visible\";i:1;s:12:\"is_variation\";i:1;s:11:\"is_taxonomy\";i:1;}}"],"_default_attributes":["a:0:{}"],"_wpml_word_count":["95"],"_edit_lock":["1773262374:436"],"_uag_page_assets":["a:9:{s:3:\"css\";s:263:\".uag-blocks-common-selector{z-index:var(--z-index-desktop) !important}@media (max-width: 976px){.uag-blocks-common-selector{z-index:var(--z-index-tablet) !important}}@media (max-width: 767px){.uag-blocks-common-selector{z-index:var(--z-index-mobile) !important}}\n\";s:2:\"js\";s:0:\"\";s:18:\"current_block_list\";a:4:{i:0;s:14:\"core\/paragraph\";i:1;s:18:\"core\/legacy-widget\";i:2;s:14:\"core\/shortcode\";i:3;s:22:\"wpml\/language-switcher\";}s:8:\"uag_flag\";b:0;s:11:\"uag_version\";s:10:\"1775914477\";s:6:\"gfonts\";a:0:{}s:10:\"gfonts_url\";s:0:\"\";s:12:\"gfonts_files\";a:0:{}s:14:\"uag_faq_layout\";b:0;}"],"_sku":["HOGAN-HXW6360EA12NEB0VA8"],"_wpml_media_featured":["1"],"_wpml_media_duplicate":["1"],"_stock":["0"],"_stock_status":["outofstock"],"_tax_class":[""],"_max_price_variation_id":["360705"],"_min_price_variation_id":["360705"],"_max_regular_price_variation_id":["360705"],"_min_regular_price_variation_id":["360705"],"_min_variation_price":["238"],"_max_variation_price":["238"],"_price":["238"],"_regular_price":["390"],"_uag_css_file_name":["uag-css-360697.css"],"_wc_rating_count":[""],"_wc_review_count":[""],"_wc_average_rating":[0]},"uagb_featured_image_src":{"full":["https:\/\/www.strikecalzature.it\/wp-content\/uploads\/2024\/02\/hogan-hxw6360ea12neb0va8-001_clipped_rev_1.jpeg",2000,2000,false],"thumbnail":["https:\/\/www.strikecalzature.it\/wp-content\/uploads\/2024\/02\/hogan-hxw6360ea12neb0va8-001_clipped_rev_1-250x250.jpeg",250,250,true],"medium":["https:\/\/www.strikecalzature.it\/wp-content\/uploads\/2024\/02\/hogan-hxw6360ea12neb0va8-001_clipped_rev_1-300x300.jpeg",300,300,true],"medium_large":["https:\/\/www.strikecalzature.it\/wp-content\/uploads\/2024\/02\/hogan-hxw6360ea12neb0va8-001_clipped_rev_1.jpeg",768,768,false],"large":["https:\/\/www.strikecalzature.it\/wp-content\/uploads\/2024\/02\/hogan-hxw6360ea12neb0va8-001_clipped_rev_1-1024x1024.jpeg",1024,1024,true],"1536x1536":["https:\/\/www.strikecalzature.it\/wp-content\/uploads\/2024\/02\/hogan-hxw6360ea12neb0va8-001_clipped_rev_1-1536x1536.jpeg",1536,1536,true],"2048x2048":["https:\/\/www.strikecalzature.it\/wp-content\/uploads\/2024\/02\/hogan-hxw6360ea12neb0va8-001_clipped_rev_1.jpeg",2000,2000,false],"woocommerce_thumbnail":["https:\/\/www.strikecalzature.it\/wp-content\/uploads\/2024\/02\/hogan-hxw6360ea12neb0va8-001_clipped_rev_1-320x320.jpeg",320,320,true],"woocommerce_single":["https:\/\/www.strikecalzature.it\/wp-content\/uploads\/2024\/02\/hogan-hxw6360ea12neb0va8-001_clipped_rev_1-600x600.jpeg",600,600,true],"woocommerce_gallery_thumbnail":["https:\/\/www.strikecalzature.it\/wp-content\/uploads\/2024\/02\/hogan-hxw6360ea12neb0va8-001_clipped_rev_1-100x100.jpeg",100,100,true]},"uagb_author_info":{"display_name":"Alessio Fiorini","author_link":"https:\/\/www.strikecalzature.it\/de\/author\/"},"uagb_comment_info":0,"uagb_excerpt":"Damenschuhe Rebel Sneaker aus beigem Veloursleder mit Fersendetail aus gr\u00fcn schimmerndem Metallic-Leder. Seitliches, wellenf\u00f6rmiges Hogan-Monogramm mit Perforationen. Glamour-Schn\u00fcrung aus rosafarbenem [&hellip;]","_links":{"self":[{"href":"https:\/\/www.strikecalzature.it\/de\/wp-json\/wp\/v2\/product\/360697","targetHints":{"allow":["GET"]}}],"collection":[{"href":"https:\/\/www.strikecalzature.it\/de\/wp-json\/wp\/v2\/product"}],"about":[{"href":"https:\/\/www.strikecalzature.it\/de\/wp-json\/wp\/v2\/types\/product"}],"wp:featuredmedia":[{"embeddable":true,"href":"https:\/\/www.strikecalzature.it\/de\/wp-json\/wp\/v2\/media\/360699"}],"wp:attachment":[{"href":"https:\/\/www.strikecalzature.it\/de\/wp-json\/wp\/v2\/media?parent=360697"}],"wp:term":[{"taxonomy":"product_brand","embeddable":true,"href":"https:\/\/www.strikecalzature.it\/de\/wp-json\/wp\/v2\/product_brand?post=360697"},{"taxonomy":"product_cat","embeddable":true,"href":"https:\/\/www.strikecalzature.it\/de\/wp-json\/wp\/v2\/product_cat?post=360697"},{"taxonomy":"product_tag","embeddable":true,"href":"https:\/\/www.strikecalzature.it\/de\/wp-json\/wp\/v2\/product_tag?post=360697"}],"curies":[{"name":"wp","href":"https:\/\/api.w.org\/{rel}","templated":true}]}}