{"id":360720,"date":"2024-02-07T14:33:34","date_gmt":"2024-02-07T13:33:34","guid":{"rendered":"https:\/\/www.strikecalzature.it\/shop\/unkategorisiert\/hogan-damen-h597-sneaker-aus-veloursleder-und-mesh-grau-mit-lila\/"},"modified":"2026-03-11T21:24:01","modified_gmt":"2024-02-07T13:33:34","slug":"hogan-damen-h597-sneaker-aus-veloursleder-und-mesh-grau-mit-lila","status":"publish","type":"product","link":"https:\/\/www.strikecalzature.it\/de\/shop\/marke\/hogan\/hogan-damen-h597-sneaker-aus-veloursleder-und-mesh-grau-mit-lila\/","title":{"rendered":"HOGAN Damen H597 Sneaker aus Veloursleder und Mesh GRAU mit Lila"},"content":{"rendered":"<p data-start=\"70\" data-end=\"89\">Hogan Damenschuhe<\/p>\n<p data-start=\"91\" data-end=\"486\">Neue Sneaker Hogan H597 aus einem Mix aus grauem Veloursleder und technischem Mesh-Gewebe mit seitlichem Hogan-Monogramm und wellenf\u00f6rmigen Ziern\u00e4hten aus grauem Veloursleder mit silberfarbenen Profilen. Gepolsterte Textildetails an Zunge und Kn\u00f6chel in Lila. Zuglasche an Ferse und Zunge mit Brand-Label. Innenfussbett aus komfortablem Memory Foam (0,8 cm). Gummisohle. Gesamth\u00f6he ca. 3,5 cm.<\/p>\n<p data-start=\"488\" data-end=\"516\">Modell: HXW5970EA9023Y0YRB<\/p>\n<p data-start=\"518\" data-end=\"533\">Made in Italy<\/p>\n<p data-start=\"535\" data-end=\"562\" data-is-last-node=\"\" data-is-only-node=\"\">Kollektion: Fr\u00fchjahr-Sommer<\/p>\n","protected":false},"excerpt":{"rendered":"<p>Hogan Damenschuhe Neue Sneaker Hogan H597 aus einem Mix aus grauem Veloursleder und technischem Mesh-Gewebe mit seitlichem Hogan-Monogramm und wellenf\u00f6rmigen [&hellip;]<\/p>\n","protected":false},"featured_media":360722,"template":"","meta":{"_acf_changed":false,"_uag_custom_page_level_css":"","site-sidebar-layout":"default","site-content-layout":"","ast-site-content-layout":"default","site-content-style":"default","site-sidebar-style":"default","ast-global-header-display":"","ast-banner-title-visibility":"","ast-main-header-display":"","ast-hfb-above-header-display":"","ast-hfb-below-header-display":"","ast-hfb-mobile-header-display":"","site-post-title":"","ast-breadcrumbs-content":"","ast-featured-img":"","footer-sml-layout":"","ast-disable-related-posts":"","theme-transparent-header-meta":"","adv-header-id-meta":"","stick-header-meta":"","header-above-stick-meta":"","header-main-stick-meta":"","header-below-stick-meta":"","astra-migrate-meta-layouts":"default","ast-page-background-enabled":"default","ast-page-background-meta":{"desktop":{"background-color":"var(--ast-global-color-5)","background-image":"","background-repeat":"repeat","background-position":"center center","background-size":"auto","background-attachment":"scroll","background-type":"","background-media":"","overlay-type":"","overlay-color":"","overlay-opacity":"","overlay-gradient":""},"tablet":{"background-color":"","background-image":"","background-repeat":"repeat","background-position":"center center","background-size":"auto","background-attachment":"scroll","background-type":"","background-media":"","overlay-type":"","overlay-color":"","overlay-opacity":"","overlay-gradient":""},"mobile":{"background-color":"","background-image":"","background-repeat":"repeat","background-position":"center center","background-size":"auto","background-attachment":"scroll","background-type":"","background-media":"","overlay-type":"","overlay-color":"","overlay-opacity":"","overlay-gradient":""}},"ast-content-background-meta":{"desktop":{"background-color":"var(--ast-global-color-4)","background-image":"","background-repeat":"repeat","background-position":"center center","background-size":"auto","background-attachment":"scroll","background-type":"","background-media":"","overlay-type":"","overlay-color":"","overlay-opacity":"","overlay-gradient":""},"tablet":{"background-color":"var(--ast-global-color-4)","background-image":"","background-repeat":"repeat","background-position":"center center","background-size":"auto","background-attachment":"scroll","background-type":"","background-media":"","overlay-type":"","overlay-color":"","overlay-opacity":"","overlay-gradient":""},"mobile":{"background-color":"var(--ast-global-color-4)","background-image":"","background-repeat":"repeat","background-position":"center center","background-size":"auto","background-attachment":"scroll","background-type":"","background-media":"","overlay-type":"","overlay-color":"","overlay-opacity":"","overlay-gradient":""}}},"product_brand":[7072],"product_cat":[6908,6927],"product_tag":[],"class_list":{"0":"post-360720","1":"product","2":"type-product","3":"status-publish","4":"has-post-thumbnail","6":"product_brand-hogan","7":"product_cat-hogan","8":"product_cat-sneakers","9":"pa_colori-grau","10":"pa_marca-hogan","11":"pa_taglie-37-5","12":"pa_taglie-38-5","13":"pa_taglie-394","14":"pa_taglie-396","15":"desktop-align-left","16":"tablet-align-left","17":"mobile-align-left","18":"ast-product-gallery-layout-horizontal-slider","19":"ast-product-single-variable","20":"ast-product-tabs-layout-horizontal","22":"first","23":"instock","24":"sale","25":"shipping-taxable","26":"purchasable","27":"product-type-variable"},"acf":[],"spectra_custom_meta":{"rank_math_primary_product_cat":[""],"_backorders":["no"],"_download_limit":["-1"],"_download_expiry":["-1"],"_downloadable":["no"],"_manage_stock":["yes"],"_sold_individually":["no"],"_tax_status":["taxable"],"_virtual":["no"],"_visibility":["visible"],"_weight":["0"],"_width":["0"],"_height":["0"],"_length":["0"],"total_sales":["0"],"rank_math_robots":["a:1:{i:0;s:5:\"index\";}"],"_thumbnail_id":["360722"],"rank_math_analytic_object_id":["2593"],"_wcml_average_rating":[null],"_wcml_review_count":[null],"_wcml_rating_count":[null],"attr_label_translations":["a:1:{s:2:\"de\";a:6:{s:6:\"colore\";s:0:\"\";s:6:\"numero\";s:0:\"\";s:5:\"suola\";s:0:\"\";s:22:\"prezzo-di-listino-euro\";s:0:\"\";s:5:\"style\";s:0:\"\";s:10:\"collezione\";s:0:\"\";}}"],"_product_attributes":["a:12:{s:6:\"colore\";a:6:{s:4:\"name\";s:6:\"Colore\";s:5:\"value\";s:0:\"\";s:8:\"position\";i:0;s:10:\"is_visible\";i:0;s:12:\"is_variation\";i:0;s:11:\"is_taxonomy\";i:0;}s:6:\"numero\";a:6:{s:4:\"name\";s:6:\"Numero\";s:5:\"value\";s:0:\"\";s:8:\"position\";i:1;s:10:\"is_visible\";i:0;s:12:\"is_variation\";i:0;s:11:\"is_taxonomy\";i:0;}s:5:\"suola\";a:6:{s:4:\"name\";s:5:\"Suola\";s:5:\"value\";s:0:\"\";s:8:\"position\";i:2;s:10:\"is_visible\";i:1;s:12:\"is_variation\";i:0;s:11:\"is_taxonomy\";i:0;}s:22:\"prezzo-di-listino-euro\";a:6:{s:4:\"name\";s:22:\"Prezzo di listino Euro\";s:5:\"value\";s:0:\"\";s:8:\"position\";i:3;s:10:\"is_visible\";i:1;s:12:\"is_variation\";i:0;s:11:\"is_taxonomy\";i:0;}s:5:\"style\";a:6:{s:4:\"name\";s:5:\"Style\";s:5:\"value\";s:0:\"\";s:8:\"position\";i:4;s:10:\"is_visible\";i:1;s:12:\"is_variation\";i:0;s:11:\"is_taxonomy\";i:0;}s:10:\"collezione\";a:6:{s:4:\"name\";s:10:\"Collezione\";s:5:\"value\";s:0:\"\";s:8:\"position\";i:5;s:10:\"is_visible\";i:1;s:12:\"is_variation\";i:0;s:11:\"is_taxonomy\";i:0;}s:8:\"pa_marca\";a:6:{s:4:\"name\";s:8:\"pa_marca\";s:5:\"value\";s:0:\"\";s:8:\"position\";i:8;s:10:\"is_visible\";i:1;s:12:\"is_variation\";i:0;s:11:\"is_taxonomy\";i:1;}s:6:\"pa_mpn\";a:6:{s:4:\"name\";s:6:\"pa_mpn\";s:5:\"value\";s:0:\"\";s:8:\"position\";i:9;s:10:\"is_visible\";i:1;s:12:\"is_variation\";i:0;s:11:\"is_taxonomy\";i:1;}s:11:\"pa_stagione\";a:6:{s:4:\"name\";s:11:\"pa_stagione\";s:5:\"value\";s:0:\"\";s:8:\"position\";i:10;s:10:\"is_visible\";i:0;s:12:\"is_variation\";i:0;s:11:\"is_taxonomy\";i:1;}s:13:\"pa_collezione\";a:6:{s:4:\"name\";s:13:\"pa_collezione\";s:5:\"value\";s:0:\"\";s:8:\"position\";i:11;s:10:\"is_visible\";i:0;s:12:\"is_variation\";i:0;s:11:\"is_taxonomy\";i:1;}s:9:\"pa_taglie\";a:6:{s:4:\"name\";s:9:\"pa_taglie\";s:5:\"value\";s:0:\"\";s:8:\"position\";i:7;s:10:\"is_visible\";i:1;s:12:\"is_variation\";i:1;s:11:\"is_taxonomy\";i:1;}s:9:\"pa_colori\";a:6:{s:4:\"name\";s:9:\"pa_colori\";s:5:\"value\";s:0:\"\";s:8:\"position\";i:6;s:10:\"is_visible\";i:1;s:12:\"is_variation\";i:1;s:11:\"is_taxonomy\";i:1;}}"],"_default_attributes":["a:0:{}"],"_wpml_word_count":["92"],"_uag_page_assets":["a:9:{s:3:\"css\";s:263:\".uag-blocks-common-selector{z-index:var(--z-index-desktop) !important}@media (max-width: 976px){.uag-blocks-common-selector{z-index:var(--z-index-tablet) !important}}@media (max-width: 767px){.uag-blocks-common-selector{z-index:var(--z-index-mobile) !important}}\n\";s:2:\"js\";s:0:\"\";s:18:\"current_block_list\";a:4:{i:0;s:14:\"core\/paragraph\";i:1;s:18:\"core\/legacy-widget\";i:2;s:14:\"core\/shortcode\";i:3;s:22:\"wpml\/language-switcher\";}s:8:\"uag_flag\";b:0;s:11:\"uag_version\";s:10:\"1776013342\";s:6:\"gfonts\";a:0:{}s:10:\"gfonts_url\";s:0:\"\";s:12:\"gfonts_files\";a:0:{}s:14:\"uag_faq_layout\";b:0;}"],"_edit_lock":["1773149901:436"],"_sku":["HOGAN-HXW5970EA9023Y0YRB"],"_wpml_media_featured":["1"],"_wpml_media_duplicate":["1"],"_stock":["3"],"_stock_status":["instock"],"_tax_class":[""],"_max_price_variation_id":["360732"],"_min_price_variation_id":["360732"],"_max_regular_price_variation_id":["360732"],"_min_regular_price_variation_id":["360732"],"_min_variation_price":["235"],"_max_variation_price":["235"],"_price":["235"],"_regular_price":["440"],"_uag_css_file_name":["uag-css-360720.css"],"_wc_rating_count":[""],"_wc_review_count":[""],"_wc_average_rating":[0]},"uagb_featured_image_src":{"full":["https:\/\/www.strikecalzature.it\/wp-content\/uploads\/2024\/02\/hogan-hxw5970ea9023y0yrb-001_clipped_rev_1.jpeg",2000,2000,false],"thumbnail":["https:\/\/www.strikecalzature.it\/wp-content\/uploads\/2024\/02\/hogan-hxw5970ea9023y0yrb-001_clipped_rev_1-250x250.jpeg",250,250,true],"medium":["https:\/\/www.strikecalzature.it\/wp-content\/uploads\/2024\/02\/hogan-hxw5970ea9023y0yrb-001_clipped_rev_1-300x300.jpeg",300,300,true],"medium_large":["https:\/\/www.strikecalzature.it\/wp-content\/uploads\/2024\/02\/hogan-hxw5970ea9023y0yrb-001_clipped_rev_1.jpeg",768,768,false],"large":["https:\/\/www.strikecalzature.it\/wp-content\/uploads\/2024\/02\/hogan-hxw5970ea9023y0yrb-001_clipped_rev_1-1024x1024.jpeg",1024,1024,true],"1536x1536":["https:\/\/www.strikecalzature.it\/wp-content\/uploads\/2024\/02\/hogan-hxw5970ea9023y0yrb-001_clipped_rev_1-1536x1536.jpeg",1536,1536,true],"2048x2048":["https:\/\/www.strikecalzature.it\/wp-content\/uploads\/2024\/02\/hogan-hxw5970ea9023y0yrb-001_clipped_rev_1.jpeg",2000,2000,false],"woocommerce_thumbnail":["https:\/\/www.strikecalzature.it\/wp-content\/uploads\/2024\/02\/hogan-hxw5970ea9023y0yrb-001_clipped_rev_1-320x320.jpeg",320,320,true],"woocommerce_single":["https:\/\/www.strikecalzature.it\/wp-content\/uploads\/2024\/02\/hogan-hxw5970ea9023y0yrb-001_clipped_rev_1-600x600.jpeg",600,600,true],"woocommerce_gallery_thumbnail":["https:\/\/www.strikecalzature.it\/wp-content\/uploads\/2024\/02\/hogan-hxw5970ea9023y0yrb-001_clipped_rev_1-100x100.jpeg",100,100,true]},"uagb_author_info":{"display_name":"Alessio Fiorini","author_link":"https:\/\/www.strikecalzature.it\/de\/author\/"},"uagb_comment_info":0,"uagb_excerpt":"Hogan Damenschuhe Neue Sneaker Hogan H597 aus einem Mix aus grauem Veloursleder und technischem Mesh-Gewebe mit seitlichem Hogan-Monogramm und wellenf\u00f6rmigen [&hellip;]","_links":{"self":[{"href":"https:\/\/www.strikecalzature.it\/de\/wp-json\/wp\/v2\/product\/360720","targetHints":{"allow":["GET"]}}],"collection":[{"href":"https:\/\/www.strikecalzature.it\/de\/wp-json\/wp\/v2\/product"}],"about":[{"href":"https:\/\/www.strikecalzature.it\/de\/wp-json\/wp\/v2\/types\/product"}],"wp:featuredmedia":[{"embeddable":true,"href":"https:\/\/www.strikecalzature.it\/de\/wp-json\/wp\/v2\/media\/360722"}],"wp:attachment":[{"href":"https:\/\/www.strikecalzature.it\/de\/wp-json\/wp\/v2\/media?parent=360720"}],"wp:term":[{"taxonomy":"product_brand","embeddable":true,"href":"https:\/\/www.strikecalzature.it\/de\/wp-json\/wp\/v2\/product_brand?post=360720"},{"taxonomy":"product_cat","embeddable":true,"href":"https:\/\/www.strikecalzature.it\/de\/wp-json\/wp\/v2\/product_cat?post=360720"},{"taxonomy":"product_tag","embeddable":true,"href":"https:\/\/www.strikecalzature.it\/de\/wp-json\/wp\/v2\/product_tag?post=360720"}],"curies":[{"name":"wp","href":"https:\/\/api.w.org\/{rel}","templated":true}]}}