{"id":362373,"date":"2024-07-18T16:29:46","date_gmt":"2024-07-18T14:29:46","guid":{"rendered":"https:\/\/www.strikecalzature.it\/shop\/unkategorisiert\/hogan-herren-h629-chelsea-boot-aus-geoeltem-veloursleder-grau-gummisohle\/"},"modified":"2024-07-18T16:29:46","modified_gmt":"2024-07-18T14:29:46","slug":"hogan-herren-h629-chelsea-boot-aus-geoeltem-veloursleder-grau-gummisohle","status":"publish","type":"product","link":"https:\/\/www.strikecalzature.it\/de\/shop\/marke\/hogan\/hogan-herren-h629-chelsea-boot-aus-geoeltem-veloursleder-grau-gummisohle\/","title":{"rendered":"HOGAN Herren H629 Chelsea-Boot aus ge\u00f6ltem Veloursleder GRAU. Gummisohle"},"content":{"rendered":"<p>Hogan Herrenschuhe<\/p>\n<p>Chelsea-Boot H629 aus grauem Veloursleder mit ge\u00f6lter Oberfl\u00e4che, mit leicht zulaufender, runder Spitze und erhabenen Ziern\u00e4hten. Seitliche elastische Eins\u00e4tze f\u00fcr ein einfaches Anziehen. Hintere Zuglasche. Herausnehmbare Innensohle aus Memory Foam (0,8 cm). Leichte EVA-Sohle. Gesamth\u00f6he ca. 5,5 cm.<\/p>\n<p>Code: HXM6290FA40S74B600<\/p>\n<p>Kollektion: Herbst-Winter<\/p>\n<p>Made in Italy<\/p>\n","protected":false},"excerpt":{"rendered":"<p>Hogan Herrenschuhe Chelsea-Boot H629 aus grauem Veloursleder mit ge\u00f6lter Oberfl\u00e4che, mit leicht zulaufender, runder Spitze und erhabenen Ziern\u00e4hten. Seitliche elastische [&hellip;]<\/p>\n","protected":false},"featured_media":362374,"template":"","meta":{"_acf_changed":false,"_uag_custom_page_level_css":"","site-sidebar-layout":"default","site-content-layout":"","ast-site-content-layout":"default","site-content-style":"default","site-sidebar-style":"default","ast-global-header-display":"","ast-banner-title-visibility":"","ast-main-header-display":"","ast-hfb-above-header-display":"","ast-hfb-below-header-display":"","ast-hfb-mobile-header-display":"","site-post-title":"","ast-breadcrumbs-content":"","ast-featured-img":"","footer-sml-layout":"","ast-disable-related-posts":"","theme-transparent-header-meta":"","adv-header-id-meta":"","stick-header-meta":"","header-above-stick-meta":"","header-main-stick-meta":"","header-below-stick-meta":"","astra-migrate-meta-layouts":"default","ast-page-background-enabled":"default","ast-page-background-meta":{"desktop":{"background-color":"var(--ast-global-color-5)","background-image":"","background-repeat":"repeat","background-position":"center center","background-size":"auto","background-attachment":"scroll","background-type":"","background-media":"","overlay-type":"","overlay-color":"","overlay-opacity":"","overlay-gradient":""},"tablet":{"background-color":"","background-image":"","background-repeat":"repeat","background-position":"center center","background-size":"auto","background-attachment":"scroll","background-type":"","background-media":"","overlay-type":"","overlay-color":"","overlay-opacity":"","overlay-gradient":""},"mobile":{"background-color":"","background-image":"","background-repeat":"repeat","background-position":"center center","background-size":"auto","background-attachment":"scroll","background-type":"","background-media":"","overlay-type":"","overlay-color":"","overlay-opacity":"","overlay-gradient":""}},"ast-content-background-meta":{"desktop":{"background-color":"var(--ast-global-color-4)","background-image":"","background-repeat":"repeat","background-position":"center center","background-size":"auto","background-attachment":"scroll","background-type":"","background-media":"","overlay-type":"","overlay-color":"","overlay-opacity":"","overlay-gradient":""},"tablet":{"background-color":"var(--ast-global-color-4)","background-image":"","background-repeat":"repeat","background-position":"center center","background-size":"auto","background-attachment":"scroll","background-type":"","background-media":"","overlay-type":"","overlay-color":"","overlay-opacity":"","overlay-gradient":""},"mobile":{"background-color":"var(--ast-global-color-4)","background-image":"","background-repeat":"repeat","background-position":"center center","background-size":"auto","background-attachment":"scroll","background-type":"","background-media":"","overlay-type":"","overlay-color":"","overlay-opacity":"","overlay-gradient":""}}},"product_brand":[7072],"product_cat":[6908,7185],"product_tag":[],"class_list":{"0":"post-362373","1":"product","2":"type-product","3":"status-publish","4":"has-post-thumbnail","6":"product_brand-hogan","7":"product_cat-hogan","8":"product_cat-stiefeletten","9":"pa_colori-grau","10":"pa_marca-hogan","11":"pa_taglie-39-5","12":"pa_taglie-398","13":"pa_taglie-400","14":"pa_taglie-42-5","15":"pa_taglie-402","16":"pa_taglie-404","17":"pa_taglie-44-5","18":"desktop-align-left","19":"tablet-align-left","20":"mobile-align-left","21":"ast-product-gallery-layout-horizontal-slider","22":"ast-product-single-variable","23":"ast-product-tabs-layout-horizontal","25":"first","26":"instock","27":"sale","28":"shipping-taxable","29":"purchasable","30":"product-type-variable"},"acf":[],"spectra_custom_meta":{"rank_math_primary_product_cat":[""],"_backorders":["no"],"_download_limit":["-1"],"_download_expiry":["-1"],"_downloadable":["no"],"_manage_stock":["yes"],"_sku":["HOGAN-HXM6290FA40S74B600"],"_stock_status":["instock"],"_sold_individually":["no"],"_tax_class":[""],"_tax_status":["taxable"],"_virtual":["no"],"_visibility":["visible"],"_weight":["0"],"_width":["0"],"_height":["0"],"_length":["0"],"total_sales":["2"],"_regular_price":["520"],"_price":["338"],"_min_variation_price":["338"],"_max_variation_price":["338"],"rank_math_robots":["a:1:{i:0;s:5:\"index\";}"],"_thumbnail_id":["362374"],"rank_math_analytic_object_id":["2640"],"_wcml_average_rating":[null],"_wcml_review_count":[null],"_wcml_rating_count":[null],"_product_attributes":["a:10:{s:9:\"pa_colori\";a:6:{s:4:\"name\";s:9:\"pa_colori\";s:5:\"value\";s:0:\"\";s:8:\"position\";i:1;s:10:\"is_visible\";i:1;s:12:\"is_variation\";i:1;s:11:\"is_taxonomy\";i:1;}s:9:\"pa_taglie\";a:6:{s:4:\"name\";s:9:\"pa_taglie\";s:5:\"value\";s:0:\"\";s:8:\"position\";i:2;s:10:\"is_visible\";i:1;s:12:\"is_variation\";i:1;s:11:\"is_taxonomy\";i:1;}s:8:\"pa_marca\";a:6:{s:4:\"name\";s:8:\"pa_marca\";s:5:\"value\";s:0:\"\";s:8:\"position\";i:3;s:10:\"is_visible\";i:1;s:12:\"is_variation\";i:0;s:11:\"is_taxonomy\";i:1;}s:6:\"pa_mpn\";a:6:{s:4:\"name\";s:6:\"pa_mpn\";s:5:\"value\";s:0:\"\";s:8:\"position\";i:4;s:10:\"is_visible\";i:1;s:12:\"is_variation\";i:0;s:11:\"is_taxonomy\";i:1;}s:7:\"pa_size\";a:6:{s:4:\"name\";s:7:\"pa_size\";s:5:\"value\";s:0:\"\";s:8:\"position\";i:5;s:10:\"is_visible\";i:0;s:12:\"is_variation\";i:0;s:11:\"is_taxonomy\";i:1;}s:22:\"pa_prezzodilistinoeuro\";a:6:{s:4:\"name\";s:22:\"pa_prezzodilistinoeuro\";s:5:\"value\";s:0:\"\";s:8:\"position\";i:6;s:10:\"is_visible\";i:1;s:12:\"is_variation\";i:0;s:11:\"is_taxonomy\";i:1;}s:8:\"pa_style\";a:6:{s:4:\"name\";s:8:\"pa_style\";s:5:\"value\";s:0:\"\";s:8:\"position\";i:7;s:10:\"is_visible\";i:1;s:12:\"is_variation\";i:0;s:11:\"is_taxonomy\";i:1;}s:8:\"pa_suola\";a:6:{s:4:\"name\";s:8:\"pa_suola\";s:5:\"value\";s:0:\"\";s:8:\"position\";i:8;s:10:\"is_visible\";i:1;s:12:\"is_variation\";i:0;s:11:\"is_taxonomy\";i:1;}s:8:\"pa_color\";a:6:{s:4:\"name\";s:8:\"pa_color\";s:5:\"value\";s:0:\"\";s:8:\"position\";i:9;s:10:\"is_visible\";i:0;s:12:\"is_variation\";i:0;s:11:\"is_taxonomy\";i:1;}s:11:\"pa_stagione\";a:6:{s:4:\"name\";s:11:\"pa_stagione\";s:5:\"value\";s:0:\"\";s:8:\"position\";i:10;s:10:\"is_visible\";i:0;s:12:\"is_variation\";i:0;s:11:\"is_taxonomy\";i:1;}}"],"_default_attributes":["a:0:{}"],"_min_price_variation_id":["362387"],"_min_regular_price_variation_id":["362387"],"_max_price_variation_id":["362387"],"_max_regular_price_variation_id":["362387"],"_stock":["2"],"_wpml_word_count":["78"],"_uag_page_assets":["a:9:{s:3:\"css\";s:263:\".uag-blocks-common-selector{z-index:var(--z-index-desktop) !important}@media (max-width: 976px){.uag-blocks-common-selector{z-index:var(--z-index-tablet) !important}}@media (max-width: 767px){.uag-blocks-common-selector{z-index:var(--z-index-mobile) !important}}\n\";s:2:\"js\";s:0:\"\";s:18:\"current_block_list\";a:4:{i:0;s:14:\"core\/paragraph\";i:1;s:18:\"core\/legacy-widget\";i:2;s:14:\"core\/shortcode\";i:3;s:22:\"wpml\/language-switcher\";}s:8:\"uag_flag\";b:0;s:11:\"uag_version\";s:10:\"1775995828\";s:6:\"gfonts\";a:0:{}s:10:\"gfonts_url\";s:0:\"\";s:12:\"gfonts_files\";a:0:{}s:14:\"uag_faq_layout\";b:0;}"],"_uag_css_file_name":["uag-css-362373.css"],"_wc_rating_count":[""],"_wc_review_count":[""],"_wc_average_rating":[0]},"uagb_featured_image_src":{"full":["https:\/\/www.strikecalzature.it\/wp-content\/uploads\/2024\/07\/2497031hogan-hxm6290fa40s74b600-001_clipped_rev_1.jpeg",2000,2000,false],"thumbnail":["https:\/\/www.strikecalzature.it\/wp-content\/uploads\/2024\/07\/2497031hogan-hxm6290fa40s74b600-001_clipped_rev_1-250x250.jpeg",250,250,true],"medium":["https:\/\/www.strikecalzature.it\/wp-content\/uploads\/2024\/07\/2497031hogan-hxm6290fa40s74b600-001_clipped_rev_1-300x300.jpeg",300,300,true],"medium_large":["https:\/\/www.strikecalzature.it\/wp-content\/uploads\/2024\/07\/2497031hogan-hxm6290fa40s74b600-001_clipped_rev_1.jpeg",768,768,false],"large":["https:\/\/www.strikecalzature.it\/wp-content\/uploads\/2024\/07\/2497031hogan-hxm6290fa40s74b600-001_clipped_rev_1-1024x1024.jpeg",1024,1024,true],"1536x1536":["https:\/\/www.strikecalzature.it\/wp-content\/uploads\/2024\/07\/2497031hogan-hxm6290fa40s74b600-001_clipped_rev_1-1536x1536.jpeg",1536,1536,true],"2048x2048":["https:\/\/www.strikecalzature.it\/wp-content\/uploads\/2024\/07\/2497031hogan-hxm6290fa40s74b600-001_clipped_rev_1.jpeg",2000,2000,false],"woocommerce_thumbnail":["https:\/\/www.strikecalzature.it\/wp-content\/uploads\/2024\/07\/2497031hogan-hxm6290fa40s74b600-001_clipped_rev_1-320x320.jpeg",320,320,true],"woocommerce_single":["https:\/\/www.strikecalzature.it\/wp-content\/uploads\/2024\/07\/2497031hogan-hxm6290fa40s74b600-001_clipped_rev_1-600x600.jpeg",600,600,true],"woocommerce_gallery_thumbnail":["https:\/\/www.strikecalzature.it\/wp-content\/uploads\/2024\/07\/2497031hogan-hxm6290fa40s74b600-001_clipped_rev_1-100x100.jpeg",100,100,true]},"uagb_author_info":{"display_name":"Alessio Fiorini","author_link":"https:\/\/www.strikecalzature.it\/de\/author\/"},"uagb_comment_info":0,"uagb_excerpt":"Hogan Herrenschuhe Chelsea-Boot H629 aus grauem Veloursleder mit ge\u00f6lter Oberfl\u00e4che, mit leicht zulaufender, runder Spitze und erhabenen Ziern\u00e4hten. Seitliche elastische [&hellip;]","_links":{"self":[{"href":"https:\/\/www.strikecalzature.it\/de\/wp-json\/wp\/v2\/product\/362373","targetHints":{"allow":["GET"]}}],"collection":[{"href":"https:\/\/www.strikecalzature.it\/de\/wp-json\/wp\/v2\/product"}],"about":[{"href":"https:\/\/www.strikecalzature.it\/de\/wp-json\/wp\/v2\/types\/product"}],"wp:featuredmedia":[{"embeddable":true,"href":"https:\/\/www.strikecalzature.it\/de\/wp-json\/wp\/v2\/media\/362374"}],"wp:attachment":[{"href":"https:\/\/www.strikecalzature.it\/de\/wp-json\/wp\/v2\/media?parent=362373"}],"wp:term":[{"taxonomy":"product_brand","embeddable":true,"href":"https:\/\/www.strikecalzature.it\/de\/wp-json\/wp\/v2\/product_brand?post=362373"},{"taxonomy":"product_cat","embeddable":true,"href":"https:\/\/www.strikecalzature.it\/de\/wp-json\/wp\/v2\/product_cat?post=362373"},{"taxonomy":"product_tag","embeddable":true,"href":"https:\/\/www.strikecalzature.it\/de\/wp-json\/wp\/v2\/product_tag?post=362373"}],"curies":[{"name":"wp","href":"https:\/\/api.w.org\/{rel}","templated":true}]}}