{"id":363338,"date":"2026-01-23T15:55:41","date_gmt":"2026-01-23T14:55:41","guid":{"rendered":"https:\/\/www.strikecalzature.it\/shop\/unkategorisiert\/hogan-herren-h671-86er-sneaker-aus-wildleder-hellblau-und-weiss\/"},"modified":"2026-03-31T13:55:21","modified_gmt":"2026-01-23T14:55:41","slug":"hogan-herren-h671-86er-sneaker-aus-wildleder-hellblau-und-weiss","status":"publish","type":"product","link":"https:\/\/www.strikecalzature.it\/de\/shop\/marke\/hogan\/hogan-herren-h671-86er-sneaker-aus-wildleder-hellblau-und-weiss\/","title":{"rendered":"HOGAN Herren H671 86er Sneaker aus Wildleder HELLBLAU und Weiss"},"content":{"rendered":"<p data-start=\"107\" data-end=\"127\">Hogan Herrenschuhe<\/p>\n<p data-start=\"129\" data-end=\"436\">Sneaker H671 aus der Linie 86er, gefertigt aus hellblauem Wildleder mit l\u00e4nglich geformtem H-Detail aus wei\u00dfem Leder an der Seite. Linie als Hommage an das Gr\u00fcndungsjahr der Marke. Herausnehmbares Innenfu\u00dfbett von ca. 0,5 cm. Profilierte Gummisohle mit Fersenverst\u00e4rkung und einer Absatzh\u00f6he von ca. 4 cm.<\/p>\n<p data-start=\"438\" data-end=\"463\">Saison: Fr\u00fchjahr-Sommer<\/p>\n<p data-start=\"465\" data-end=\"498\" data-is-last-node=\"\" data-is-only-node=\"\">Artikelnummer: HXM6710FP00U490US9<\/p>\n","protected":false},"excerpt":{"rendered":"<p>Die Hogan Herrenschuhe tragen auf dem Etikett die UK-Gr\u00f6\u00dfe.<br \/>\nBitte folgende Umrechnung verwenden:<br \/>\nEU 38.5 (UK 5); EU 39 (UK 5.5); EU 39.5 (UK 6); EU 40 (UK 6.5); EU 41 (UK 7); EU 41.5 (UK 7.5); EU 42 (UK 8); EU 42.5 (UK 8.5); EU 43 (UK 9); EU 44 (UK 9.5); EU 44.5 (UK 10); EU 45 (UK 10.5); EU 45.5 (UK 11); EU 46.5 (UK 11.5); EU 47 (UK 12)<\/p>\n","protected":false},"featured_media":363344,"template":"","meta":{"_acf_changed":false,"_uag_custom_page_level_css":"","site-sidebar-layout":"default","site-content-layout":"","ast-site-content-layout":"default","site-content-style":"default","site-sidebar-style":"default","ast-global-header-display":"","ast-banner-title-visibility":"","ast-main-header-display":"","ast-hfb-above-header-display":"","ast-hfb-below-header-display":"","ast-hfb-mobile-header-display":"","site-post-title":"","ast-breadcrumbs-content":"","ast-featured-img":"","footer-sml-layout":"","ast-disable-related-posts":"","theme-transparent-header-meta":"default","adv-header-id-meta":"","stick-header-meta":"default","header-above-stick-meta":"","header-main-stick-meta":"","header-below-stick-meta":"","astra-migrate-meta-layouts":"default","ast-page-background-enabled":"default","ast-page-background-meta":{"desktop":{"background-color":"var(--ast-global-color-5)","background-image":"","background-repeat":"repeat","background-position":"center center","background-size":"auto","background-attachment":"scroll","background-type":"","background-media":"","overlay-type":"","overlay-color":"","overlay-opacity":"","overlay-gradient":""},"tablet":{"background-color":"","background-image":"","background-repeat":"repeat","background-position":"center center","background-size":"auto","background-attachment":"scroll","background-type":"","background-media":"","overlay-type":"","overlay-color":"","overlay-opacity":"","overlay-gradient":""},"mobile":{"background-color":"","background-image":"","background-repeat":"repeat","background-position":"center center","background-size":"auto","background-attachment":"scroll","background-type":"","background-media":"","overlay-type":"","overlay-color":"","overlay-opacity":"","overlay-gradient":""}},"ast-content-background-meta":{"desktop":{"background-color":"var(--ast-global-color-4)","background-image":"","background-repeat":"repeat","background-position":"center center","background-size":"auto","background-attachment":"scroll","background-type":"","background-media":"","overlay-type":"","overlay-color":"","overlay-opacity":"","overlay-gradient":""},"tablet":{"background-color":"var(--ast-global-color-4)","background-image":"","background-repeat":"repeat","background-position":"center center","background-size":"auto","background-attachment":"scroll","background-type":"","background-media":"","overlay-type":"","overlay-color":"","overlay-opacity":"","overlay-gradient":""},"mobile":{"background-color":"var(--ast-global-color-4)","background-image":"","background-repeat":"repeat","background-position":"center center","background-size":"auto","background-attachment":"scroll","background-type":"","background-media":"","overlay-type":"","overlay-color":"","overlay-opacity":"","overlay-gradient":""}}},"product_brand":[7072],"product_cat":[6908,7184,6920],"product_tag":[],"class_list":{"0":"post-363338","1":"product","2":"type-product","3":"status-publish","4":"has-post-thumbnail","6":"product_brand-hogan","7":"product_cat-hogan","8":"product_cat-sneaker","9":"product_cat-neuheiten-herren","10":"pa_colori-blau","11":"pa_marca-hogan","12":"pa_taglie-402","13":"pa_taglie-45-5","14":"desktop-align-left","15":"tablet-align-left","16":"mobile-align-left","17":"ast-product-gallery-layout-horizontal-slider","18":"ast-product-single-variable","19":"ast-product-tabs-layout-horizontal","21":"first","22":"instock","23":"sale","24":"shipping-taxable","25":"purchasable","26":"product-type-variable","27":"has-default-attributes"},"acf":[],"spectra_custom_meta":{"_backorders":["no"],"_download_limit":["-1"],"_download_expiry":["-1"],"_downloadable":["no"],"_manage_stock":["yes"],"_global_unique_id":[""],"_sold_individually":["no"],"_tax_status":["taxable"],"_virtual":["no"],"_visibility":["visible"],"_weight":["0"],"_width":["0"],"_height":["0"],"_length":["0"],"total_sales":["1"],"stick-header-meta":["default"],"site-sidebar-layout":["default"],"theme-transparent-header-meta":["default"],"ast-site-content-layout":["default"],"site-content-style":["default"],"site-sidebar-style":["default"],"_thumbnail_id":["363344"],"rank_math_analytic_object_id":["2719"],"_wcml_average_rating":[null],"_wcml_review_count":[null],"_wcml_rating_count":[null],"_product_attributes":["a:11:{s:8:\"pa_color\";a:6:{s:4:\"name\";s:8:\"pa_color\";s:5:\"value\";s:0:\"\";s:8:\"position\";i:0;s:10:\"is_visible\";i:0;s:12:\"is_variation\";i:0;s:11:\"is_taxonomy\";i:1;}s:7:\"pa_size\";a:6:{s:4:\"name\";s:7:\"pa_size\";s:5:\"value\";s:0:\"\";s:8:\"position\";i:1;s:10:\"is_visible\";i:0;s:12:\"is_variation\";i:0;s:11:\"is_taxonomy\";i:1;}s:8:\"pa_suola\";a:6:{s:4:\"name\";s:8:\"pa_suola\";s:5:\"value\";s:0:\"\";s:8:\"position\";i:2;s:10:\"is_visible\";i:1;s:12:\"is_variation\";i:0;s:11:\"is_taxonomy\";i:1;}s:22:\"pa_prezzodilistinoeuro\";a:6:{s:4:\"name\";s:22:\"pa_prezzodilistinoeuro\";s:5:\"value\";s:0:\"\";s:8:\"position\";i:3;s:10:\"is_visible\";i:1;s:12:\"is_variation\";i:0;s:11:\"is_taxonomy\";i:1;}s:8:\"pa_style\";a:6:{s:4:\"name\";s:8:\"pa_style\";s:5:\"value\";s:0:\"\";s:8:\"position\";i:4;s:10:\"is_visible\";i:1;s:12:\"is_variation\";i:0;s:11:\"is_taxonomy\";i:1;}s:13:\"pa_collezione\";a:6:{s:4:\"name\";s:13:\"pa_collezione\";s:5:\"value\";s:0:\"\";s:8:\"position\";i:5;s:10:\"is_visible\";i:1;s:12:\"is_variation\";i:0;s:11:\"is_taxonomy\";i:1;}s:9:\"pa_colori\";a:6:{s:4:\"name\";s:9:\"pa_colori\";s:5:\"value\";s:0:\"\";s:8:\"position\";i:6;s:10:\"is_visible\";i:1;s:12:\"is_variation\";i:1;s:11:\"is_taxonomy\";i:1;}s:9:\"pa_taglie\";a:6:{s:4:\"name\";s:9:\"pa_taglie\";s:5:\"value\";s:0:\"\";s:8:\"position\";i:7;s:10:\"is_visible\";i:1;s:12:\"is_variation\";i:1;s:11:\"is_taxonomy\";i:1;}s:6:\"pa_mpn\";a:6:{s:4:\"name\";s:6:\"pa_mpn\";s:5:\"value\";s:0:\"\";s:8:\"position\";i:8;s:10:\"is_visible\";i:1;s:12:\"is_variation\";i:0;s:11:\"is_taxonomy\";i:1;}s:11:\"pa_stagione\";a:6:{s:4:\"name\";s:11:\"pa_stagione\";s:5:\"value\";s:0:\"\";s:8:\"position\";i:9;s:10:\"is_visible\";i:0;s:12:\"is_variation\";i:0;s:11:\"is_taxonomy\";i:1;}s:8:\"pa_marca\";a:6:{s:4:\"name\";s:8:\"pa_marca\";s:5:\"value\";s:0:\"\";s:8:\"position\";i:10;s:10:\"is_visible\";i:1;s:12:\"is_variation\";i:0;s:11:\"is_taxonomy\";i:1;}}"],"_default_attributes":["a:1:{s:9:\"pa_colori\";s:4:\"blau\";}"],"_wpml_word_count":["115"],"_uag_page_assets":["a:9:{s:3:\"css\";s:263:\".uag-blocks-common-selector{z-index:var(--z-index-desktop) !important}@media (max-width: 976px){.uag-blocks-common-selector{z-index:var(--z-index-tablet) !important}}@media (max-width: 767px){.uag-blocks-common-selector{z-index:var(--z-index-mobile) !important}}\n\";s:2:\"js\";s:0:\"\";s:18:\"current_block_list\";a:4:{i:0;s:14:\"core\/paragraph\";i:1;s:18:\"core\/legacy-widget\";i:2;s:14:\"core\/shortcode\";i:3;s:22:\"wpml\/language-switcher\";}s:8:\"uag_flag\";b:0;s:11:\"uag_version\";s:10:\"1775979180\";s:6:\"gfonts\";a:0:{}s:10:\"gfonts_url\";s:0:\"\";s:12:\"gfonts_files\";a:0:{}s:14:\"uag_faq_layout\";b:0;}"],"rank_math_internal_links_processed":["1"],"_sku":["HOGAN-HXM6710FP00U490US9"],"_wpml_media_featured":["1"],"_wpml_media_duplicate":["1"],"_stock":["1"],"_stock_status":["instock"],"_tax_class":[""],"_max_price_variation_id":["363350"],"_min_price_variation_id":["363350"],"_max_regular_price_variation_id":["363350"],"_min_regular_price_variation_id":["363350"],"_min_variation_price":["264"],"_max_variation_price":["264"],"_price":["264"],"_regular_price":["390"],"_uag_css_file_name":["uag-css-363338.css"],"_wc_rating_count":[""],"_wc_review_count":[""],"_wc_average_rating":[0]},"uagb_featured_image_src":{"full":["https:\/\/www.strikecalzature.it\/wp-content\/uploads\/2026\/01\/HOGAN-HXM6710FP00U490US9-001.jpeg",2000,2000,false],"thumbnail":["https:\/\/www.strikecalzature.it\/wp-content\/uploads\/2026\/01\/HOGAN-HXM6710FP00U490US9-001-250x250.jpeg",250,250,true],"medium":["https:\/\/www.strikecalzature.it\/wp-content\/uploads\/2026\/01\/HOGAN-HXM6710FP00U490US9-001-300x300.jpeg",300,300,true],"medium_large":["https:\/\/www.strikecalzature.it\/wp-content\/uploads\/2026\/01\/HOGAN-HXM6710FP00U490US9-001.jpeg",768,768,false],"large":["https:\/\/www.strikecalzature.it\/wp-content\/uploads\/2026\/01\/HOGAN-HXM6710FP00U490US9-001-1024x1024.jpeg",1024,1024,true],"1536x1536":["https:\/\/www.strikecalzature.it\/wp-content\/uploads\/2026\/01\/HOGAN-HXM6710FP00U490US9-001-1536x1536.jpeg",1536,1536,true],"2048x2048":["https:\/\/www.strikecalzature.it\/wp-content\/uploads\/2026\/01\/HOGAN-HXM6710FP00U490US9-001.jpeg",2000,2000,false],"woocommerce_thumbnail":["https:\/\/www.strikecalzature.it\/wp-content\/uploads\/2026\/01\/HOGAN-HXM6710FP00U490US9-001-320x320.jpeg",320,320,true],"woocommerce_single":["https:\/\/www.strikecalzature.it\/wp-content\/uploads\/2026\/01\/HOGAN-HXM6710FP00U490US9-001-600x600.jpeg",600,600,true],"woocommerce_gallery_thumbnail":["https:\/\/www.strikecalzature.it\/wp-content\/uploads\/2026\/01\/HOGAN-HXM6710FP00U490US9-001-100x100.jpeg",100,100,true]},"uagb_author_info":{"display_name":"Alessio Fiorini","author_link":"https:\/\/www.strikecalzature.it\/de\/author\/"},"uagb_comment_info":0,"uagb_excerpt":"Die Hogan Herrenschuhe tragen auf dem Etikett die UK-Gr\u00f6\u00dfe. Bitte folgende Umrechnung verwenden: EU 38.5 (UK 5); EU 39 (UK 5.5); EU 39.5 (UK 6); EU 40 (UK 6.5); EU 41 (UK 7); EU 41.5 (UK 7.5); EU 42 (UK 8); EU 42.5 (UK 8.5); EU 43 (UK 9); EU 44 (UK 9.5); EU 44.5&hellip;","_links":{"self":[{"href":"https:\/\/www.strikecalzature.it\/de\/wp-json\/wp\/v2\/product\/363338","targetHints":{"allow":["GET"]}}],"collection":[{"href":"https:\/\/www.strikecalzature.it\/de\/wp-json\/wp\/v2\/product"}],"about":[{"href":"https:\/\/www.strikecalzature.it\/de\/wp-json\/wp\/v2\/types\/product"}],"wp:featuredmedia":[{"embeddable":true,"href":"https:\/\/www.strikecalzature.it\/de\/wp-json\/wp\/v2\/media\/363344"}],"wp:attachment":[{"href":"https:\/\/www.strikecalzature.it\/de\/wp-json\/wp\/v2\/media?parent=363338"}],"wp:term":[{"taxonomy":"product_brand","embeddable":true,"href":"https:\/\/www.strikecalzature.it\/de\/wp-json\/wp\/v2\/product_brand?post=363338"},{"taxonomy":"product_cat","embeddable":true,"href":"https:\/\/www.strikecalzature.it\/de\/wp-json\/wp\/v2\/product_cat?post=363338"},{"taxonomy":"product_tag","embeddable":true,"href":"https:\/\/www.strikecalzature.it\/de\/wp-json\/wp\/v2\/product_tag?post=363338"}],"curies":[{"name":"wp","href":"https:\/\/api.w.org\/{rel}","templated":true}]}}