{"id":363646,"date":"2020-03-02T09:59:35","date_gmt":"2020-03-02T08:59:35","guid":{"rendered":"https:\/\/www.strikecalzature.it\/shop\/unkategorisiert\/tods-herren-mokassin-aus-veloursleder-dunkelbraun-delave-mit-schnuerung-gommini-sohle\/"},"modified":"2026-03-11T20:56:19","modified_gmt":"2020-03-02T08:59:35","slug":"tods-herren-mokassin-aus-veloursleder-dunkelbraun-delave-mit-schnuerung-gommini-sohle","status":"publish","type":"product","link":"https:\/\/www.strikecalzature.it\/de\/shop\/herren\/extra-10-rabatt-herren\/tods-herren-mokassin-aus-veloursleder-dunkelbraun-delave-mit-schnuerung-gommini-sohle\/","title":{"rendered":"TOD\u2019S Herren Mokassin aus Veloursleder DUNKELBRAUN Delav\u00e9 mit Schn\u00fcrung. Gommini-Sohle"},"content":{"rendered":"<p>Tod\u2019s Herrenschuhe<\/p>\n<p>Driver-Mokassin aus dunkelbraunem Veloursleder in \u201eDelav\u00e9\u201c-Optik mit durchgezogenem Schn\u00fcrband. Sichtbare Ziern\u00e4hte. Gepr\u00e4gtes Tod\u2019s-Monogramm. Ikonische Noppensohle (Gommini).<\/p>\n<p>Modell: XXM0GW05470PONS800<\/p>\n<p>Kollektion: Fr\u00fchjahr-Sommer<\/p>\n<p>Made in Italy<\/p>\n","protected":false},"excerpt":{"rendered":"<p>Tod\u2019s Herrenschuhe Driver-Mokassin aus dunkelbraunem Veloursleder in \u201eDelav\u00e9\u201c-Optik mit durchgezogenem Schn\u00fcrband. Sichtbare Ziern\u00e4hte. Gepr\u00e4gtes Tod\u2019s-Monogramm. Ikonische Noppensohle (Gommini). Modell: XXM0GW05470PONS800 [&hellip;]<\/p>\n","protected":false},"featured_media":363647,"template":"","meta":{"_acf_changed":false,"_uag_custom_page_level_css":"","site-sidebar-layout":"default","site-content-layout":"","ast-site-content-layout":"default","site-content-style":"default","site-sidebar-style":"default","ast-global-header-display":"","ast-banner-title-visibility":"","ast-main-header-display":"","ast-hfb-above-header-display":"","ast-hfb-below-header-display":"","ast-hfb-mobile-header-display":"","site-post-title":"","ast-breadcrumbs-content":"","ast-featured-img":"","footer-sml-layout":"","ast-disable-related-posts":"","theme-transparent-header-meta":"","adv-header-id-meta":"","stick-header-meta":"","header-above-stick-meta":"","header-main-stick-meta":"","header-below-stick-meta":"","astra-migrate-meta-layouts":"default","ast-page-background-enabled":"default","ast-page-background-meta":{"desktop":{"background-color":"var(--ast-global-color-5)","background-image":"","background-repeat":"repeat","background-position":"center center","background-size":"auto","background-attachment":"scroll","background-type":"","background-media":"","overlay-type":"","overlay-color":"","overlay-opacity":"","overlay-gradient":""},"tablet":{"background-color":"","background-image":"","background-repeat":"repeat","background-position":"center center","background-size":"auto","background-attachment":"scroll","background-type":"","background-media":"","overlay-type":"","overlay-color":"","overlay-opacity":"","overlay-gradient":""},"mobile":{"background-color":"","background-image":"","background-repeat":"repeat","background-position":"center center","background-size":"auto","background-attachment":"scroll","background-type":"","background-media":"","overlay-type":"","overlay-color":"","overlay-opacity":"","overlay-gradient":""}},"ast-content-background-meta":{"desktop":{"background-color":"var(--ast-global-color-4)","background-image":"","background-repeat":"repeat","background-position":"center center","background-size":"auto","background-attachment":"scroll","background-type":"","background-media":"","overlay-type":"","overlay-color":"","overlay-opacity":"","overlay-gradient":""},"tablet":{"background-color":"var(--ast-global-color-4)","background-image":"","background-repeat":"repeat","background-position":"center center","background-size":"auto","background-attachment":"scroll","background-type":"","background-media":"","overlay-type":"","overlay-color":"","overlay-opacity":"","overlay-gradient":""},"mobile":{"background-color":"var(--ast-global-color-4)","background-image":"","background-repeat":"repeat","background-position":"center center","background-size":"auto","background-attachment":"scroll","background-type":"","background-media":"","overlay-type":"","overlay-color":"","overlay-opacity":"","overlay-gradient":""}}},"product_brand":[7156],"product_cat":[7183,6909,7303],"product_tag":[],"class_list":{"0":"post-363646","1":"product","2":"type-product","3":"status-publish","4":"has-post-thumbnail","6":"product_brand-tods","7":"product_cat-extra-10-rabatt-herren","8":"product_cat-mocassini","9":"product_cat-tods","10":"pa_colori-braun","11":"pa_marca-tods","12":"pa_scontoextra-10-extra-rabatt-gutschein-extra10","13":"pa_taglie-396","14":"pa_taglie-40-5","15":"pa_taglie-398","16":"pa_taglie-41-5","17":"pa_taglie-43-5","18":"pa_taglie-404","19":"pa_taglie-432","20":"desktop-align-left","21":"tablet-align-left","22":"mobile-align-left","23":"ast-product-gallery-layout-horizontal-slider","24":"ast-product-single-variable","25":"ast-product-tabs-layout-horizontal","27":"first","28":"instock","29":"sale","30":"shipping-taxable","31":"purchasable","32":"product-type-variable","33":"has-default-attributes"},"acf":[],"spectra_custom_meta":{"rank_math_primary_product_cat":[""],"_backorders":["no"],"_download_limit":["-1"],"_download_expiry":["-1"],"_downloadable":["no"],"_featured":["no"],"_manage_stock":["yes"],"_sold_individually":["no"],"_tax_status":["taxable"],"_virtual":["no"],"_visibility":["visible"],"_weight":["0.00"],"_width":[""],"_height":[""],"_length":[""],"total_sales":["0"],"_sale_price_dates_from":["-62169984000"],"_sale_price_dates_to":["-62169984000"],"_low_stock_amount":["0"],"rank_math_robots":["a:1:{i:0;s:5:\"index\";}"],"_thumbnail_id":["363647"],"rank_math_analytic_object_id":["2740"],"_purchase_note":[""],"_wcml_average_rating":[null],"_wcml_review_count":[null],"_wcml_rating_count":[null],"attr_label_translations":["a:1:{s:2:\"de\";a:6:{s:5:\"color\";s:0:\"\";s:4:\"size\";s:0:\"\";s:5:\"suola\";s:0:\"\";s:10:\"collezione\";s:0:\"\";s:22:\"prezzo-di-listino-euro\";s:0:\"\";s:5:\"style\";s:0:\"\";}}"],"_product_attributes":["a:13:{s:5:\"color\";a:6:{s:4:\"name\";s:5:\"Color\";s:5:\"value\";s:0:\"\";s:8:\"position\";i:0;s:10:\"is_visible\";i:0;s:12:\"is_variation\";i:0;s:11:\"is_taxonomy\";i:0;}s:4:\"size\";a:6:{s:4:\"name\";s:4:\"Size\";s:5:\"value\";s:0:\"\";s:8:\"position\";i:1;s:10:\"is_visible\";i:0;s:12:\"is_variation\";i:0;s:11:\"is_taxonomy\";i:0;}s:5:\"suola\";a:6:{s:4:\"name\";s:5:\"Suola\";s:5:\"value\";s:0:\"\";s:8:\"position\";i:2;s:10:\"is_visible\";i:1;s:12:\"is_variation\";i:0;s:11:\"is_taxonomy\";i:0;}s:10:\"collezione\";a:6:{s:4:\"name\";s:10:\"Collezione\";s:5:\"value\";s:0:\"\";s:8:\"position\";i:3;s:10:\"is_visible\";i:1;s:12:\"is_variation\";i:0;s:11:\"is_taxonomy\";i:0;}s:22:\"prezzo-di-listino-euro\";a:6:{s:4:\"name\";s:22:\"Prezzo di listino Euro\";s:5:\"value\";s:0:\"\";s:8:\"position\";i:4;s:10:\"is_visible\";i:1;s:12:\"is_variation\";i:0;s:11:\"is_taxonomy\";i:0;}s:5:\"style\";a:6:{s:4:\"name\";s:5:\"Style\";s:5:\"value\";s:0:\"\";s:8:\"position\";i:5;s:10:\"is_visible\";i:1;s:12:\"is_variation\";i:0;s:11:\"is_taxonomy\";i:0;}s:6:\"pa_mpn\";a:6:{s:4:\"name\";s:6:\"pa_mpn\";s:5:\"value\";s:0:\"\";s:8:\"position\";i:9;s:10:\"is_visible\";i:1;s:12:\"is_variation\";i:0;s:11:\"is_taxonomy\";i:1;}s:8:\"pa_marca\";a:6:{s:4:\"name\";s:8:\"pa_marca\";s:5:\"value\";s:0:\"\";s:8:\"position\";i:10;s:10:\"is_visible\";i:1;s:12:\"is_variation\";i:0;s:11:\"is_taxonomy\";i:1;}s:11:\"pa_stagione\";a:6:{s:4:\"name\";s:11:\"pa_stagione\";s:5:\"value\";s:0:\"\";s:8:\"position\";i:11;s:10:\"is_visible\";i:0;s:12:\"is_variation\";i:0;s:11:\"is_taxonomy\";i:1;}s:13:\"pa_collezione\";a:6:{s:4:\"name\";s:13:\"pa_collezione\";s:5:\"value\";s:0:\"\";s:8:\"position\";i:12;s:10:\"is_visible\";i:0;s:12:\"is_variation\";i:0;s:11:\"is_taxonomy\";i:1;}s:14:\"pa_scontoextra\";a:6:{s:4:\"name\";s:14:\"pa_scontoextra\";s:10:\"is_visible\";i:1;s:11:\"is_taxonomy\";i:1;s:12:\"is_variation\";i:0;s:5:\"value\";s:0:\"\";s:8:\"position\";i:13;}s:9:\"pa_taglie\";a:6:{s:4:\"name\";s:9:\"pa_taglie\";s:5:\"value\";s:0:\"\";s:8:\"position\";i:8;s:10:\"is_visible\";i:1;s:12:\"is_variation\";i:1;s:11:\"is_taxonomy\";i:1;}s:9:\"pa_colori\";a:6:{s:4:\"name\";s:9:\"pa_colori\";s:5:\"value\";s:0:\"\";s:8:\"position\";i:7;s:10:\"is_visible\";i:1;s:12:\"is_variation\";i:1;s:11:\"is_taxonomy\";i:1;}}"],"_default_attributes":["a:1:{s:9:\"pa_colori\";s:5:\"braun\";}"],"_wpml_word_count":["65"],"_uag_page_assets":["a:9:{s:3:\"css\";s:263:\".uag-blocks-common-selector{z-index:var(--z-index-desktop) !important}@media (max-width: 976px){.uag-blocks-common-selector{z-index:var(--z-index-tablet) !important}}@media (max-width: 767px){.uag-blocks-common-selector{z-index:var(--z-index-mobile) !important}}\n\";s:2:\"js\";s:0:\"\";s:18:\"current_block_list\";a:4:{i:0;s:14:\"core\/paragraph\";i:1;s:18:\"core\/legacy-widget\";i:2;s:14:\"core\/shortcode\";i:3;s:22:\"wpml\/language-switcher\";}s:8:\"uag_flag\";b:0;s:11:\"uag_version\";s:10:\"1775913518\";s:6:\"gfonts\";a:0:{}s:10:\"gfonts_url\";s:0:\"\";s:12:\"gfonts_files\";a:0:{}s:14:\"uag_faq_layout\";b:0;}"],"_sku":["TODS-XXM0GW05470PONS800"],"_wpml_media_featured":["1"],"_wpml_media_duplicate":["1"],"_stock":["2"],"_stock_status":["instock"],"_tax_class":[""],"_max_price_variation_id":["363661"],"_min_price_variation_id":["363661"],"_max_regular_price_variation_id":["363661"],"_min_regular_price_variation_id":["363661"],"_min_variation_price":["237"],"_max_variation_price":["237"],"_price":["237"],"_regular_price":["370"],"_uag_css_file_name":["uag-css-363646.css"],"_wc_rating_count":[""],"_wc_review_count":[""],"_wc_average_rating":[0]},"uagb_featured_image_src":{"full":["https:\/\/www.strikecalzature.it\/wp-content\/uploads\/2020\/03\/tods-xxm0gw05470pons800-001_clipped_rev_1.jpg",2000,2000,false],"thumbnail":["https:\/\/www.strikecalzature.it\/wp-content\/uploads\/2020\/03\/tods-xxm0gw05470pons800-001_clipped_rev_1-250x250.jpg",250,250,true],"medium":["https:\/\/www.strikecalzature.it\/wp-content\/uploads\/2020\/03\/tods-xxm0gw05470pons800-001_clipped_rev_1-300x300.jpg",300,300,true],"medium_large":["https:\/\/www.strikecalzature.it\/wp-content\/uploads\/2020\/03\/tods-xxm0gw05470pons800-001_clipped_rev_1-768x768.jpg",768,768,true],"large":["https:\/\/www.strikecalzature.it\/wp-content\/uploads\/2020\/03\/tods-xxm0gw05470pons800-001_clipped_rev_1-1024x1024.jpg",1024,1024,true],"1536x1536":["https:\/\/www.strikecalzature.it\/wp-content\/uploads\/2020\/03\/tods-xxm0gw05470pons800-001_clipped_rev_1-1536x1536.jpg",1536,1536,true],"2048x2048":["https:\/\/www.strikecalzature.it\/wp-content\/uploads\/2020\/03\/tods-xxm0gw05470pons800-001_clipped_rev_1.jpg",2000,2000,false],"woocommerce_thumbnail":["https:\/\/www.strikecalzature.it\/wp-content\/uploads\/2020\/03\/tods-xxm0gw05470pons800-001_clipped_rev_1-320x320.jpg",320,320,true],"woocommerce_single":["https:\/\/www.strikecalzature.it\/wp-content\/uploads\/2020\/03\/tods-xxm0gw05470pons800-001_clipped_rev_1-600x600.jpg",600,600,true],"woocommerce_gallery_thumbnail":["https:\/\/www.strikecalzature.it\/wp-content\/uploads\/2020\/03\/tods-xxm0gw05470pons800-001_clipped_rev_1-100x100.jpg",100,100,true]},"uagb_author_info":{"display_name":"Sistema","author_link":"https:\/\/www.strikecalzature.it\/de\/author\/"},"uagb_comment_info":0,"uagb_excerpt":"Tod\u2019s Herrenschuhe Driver-Mokassin aus dunkelbraunem Veloursleder in \u201eDelav\u00e9\u201c-Optik mit durchgezogenem Schn\u00fcrband. Sichtbare Ziern\u00e4hte. Gepr\u00e4gtes Tod\u2019s-Monogramm. Ikonische Noppensohle (Gommini). Modell: XXM0GW05470PONS800 [&hellip;]","_links":{"self":[{"href":"https:\/\/www.strikecalzature.it\/de\/wp-json\/wp\/v2\/product\/363646","targetHints":{"allow":["GET"]}}],"collection":[{"href":"https:\/\/www.strikecalzature.it\/de\/wp-json\/wp\/v2\/product"}],"about":[{"href":"https:\/\/www.strikecalzature.it\/de\/wp-json\/wp\/v2\/types\/product"}],"wp:featuredmedia":[{"embeddable":true,"href":"https:\/\/www.strikecalzature.it\/de\/wp-json\/wp\/v2\/media\/363647"}],"wp:attachment":[{"href":"https:\/\/www.strikecalzature.it\/de\/wp-json\/wp\/v2\/media?parent=363646"}],"wp:term":[{"taxonomy":"product_brand","embeddable":true,"href":"https:\/\/www.strikecalzature.it\/de\/wp-json\/wp\/v2\/product_brand?post=363646"},{"taxonomy":"product_cat","embeddable":true,"href":"https:\/\/www.strikecalzature.it\/de\/wp-json\/wp\/v2\/product_cat?post=363646"},{"taxonomy":"product_tag","embeddable":true,"href":"https:\/\/www.strikecalzature.it\/de\/wp-json\/wp\/v2\/product_tag?post=363646"}],"curies":[{"name":"wp","href":"https:\/\/api.w.org\/{rel}","templated":true}]}}