{"id":394576,"date":"2026-03-05T10:44:17","date_gmt":"2026-03-05T09:44:17","guid":{"rendered":"https:\/\/www.strikecalzature.it\/shop\/unkategorisiert\/alexander-smith-herren-sneaker-soho-aus-leder-weiss-blau\/"},"modified":"2026-03-05T10:44:17","modified_gmt":"2026-03-05T09:44:17","slug":"alexander-smith-herren-sneaker-soho-aus-leder-weiss-blau","status":"publish","type":"product","link":"https:\/\/www.strikecalzature.it\/de\/shop\/marke\/alexandersmith\/alexander-smith-herren-sneaker-soho-aus-leder-weiss-blau\/","title":{"rendered":"ALEXANDER SMITH Herren Sneaker Soho aus Leder Wei\u00df Blau"},"content":{"rendered":"<p>ALEXANDER SMITH Herren Schuhe<\/p>\n<p>Sneaker Soho aus weichem Leder in Wei\u00df mit seitlich aufgedrucktem Logo und Fersendetail aus blauem Leder mit Branding. Herausnehmbares Fu\u00dfbett von ca. 1 cm. Sohle aus Gummi und EVA mit einer H\u00f6he von ca. 3 cm.<\/p>\n<p>Die SOHO Sneakers von Alexander Smith verbinden zeitgen\u00f6ssischen Minimalismus mit urbanem Stil in einem vielseitigen und raffinierten Modell. Das klare Design, die leicht erh\u00f6hte Sohle und die kontrastierenden Details am Fersenbereich verleihen Charakter ohne \u00dcbertreibung.<\/p>\n<p>Leicht und komfortabel begleiten sie den Alltag mit Stil und lassen sich sowohl mit Casual-Outfits als auch mit eleganteren Kombinationen problemlos tragen. Eine essenzielle, aber dennoch markante Sneaker f\u00fcr alle, die Qualit\u00e4t, modernes Design und Vielseitigkeit in einem Modell suchen.<\/p>\n<p>Kollektion: Fr\u00fchling-Sommer<\/p>\n<p>Artikelnummer: ASBDSOM3667WBL<\/p>\n","protected":false},"excerpt":{"rendered":"<p>ALEXANDER SMITH Herren Schuhe Sneaker Soho aus weichem Leder in Wei\u00df mit seitlich aufgedrucktem Logo und Fersendetail aus blauem Leder [&hellip;]<\/p>\n","protected":false},"featured_media":394577,"template":"","meta":{"_acf_changed":false,"_uag_custom_page_level_css":"","site-sidebar-layout":"default","site-content-layout":"","ast-site-content-layout":"default","site-content-style":"default","site-sidebar-style":"default","ast-global-header-display":"","ast-banner-title-visibility":"","ast-main-header-display":"","ast-hfb-above-header-display":"","ast-hfb-below-header-display":"","ast-hfb-mobile-header-display":"","site-post-title":"","ast-breadcrumbs-content":"","ast-featured-img":"","footer-sml-layout":"","ast-disable-related-posts":"","theme-transparent-header-meta":"default","adv-header-id-meta":"","stick-header-meta":"default","header-above-stick-meta":"","header-main-stick-meta":"","header-below-stick-meta":"","astra-migrate-meta-layouts":"default","ast-page-background-enabled":"default","ast-page-background-meta":{"desktop":{"background-color":"var(--ast-global-color-5)","background-image":"","background-repeat":"repeat","background-position":"center center","background-size":"auto","background-attachment":"scroll","background-type":"","background-media":"","overlay-type":"","overlay-color":"","overlay-opacity":"","overlay-gradient":""},"tablet":{"background-color":"","background-image":"","background-repeat":"repeat","background-position":"center center","background-size":"auto","background-attachment":"scroll","background-type":"","background-media":"","overlay-type":"","overlay-color":"","overlay-opacity":"","overlay-gradient":""},"mobile":{"background-color":"","background-image":"","background-repeat":"repeat","background-position":"center center","background-size":"auto","background-attachment":"scroll","background-type":"","background-media":"","overlay-type":"","overlay-color":"","overlay-opacity":"","overlay-gradient":""}},"ast-content-background-meta":{"desktop":{"background-color":"var(--ast-global-color-4)","background-image":"","background-repeat":"repeat","background-position":"center center","background-size":"auto","background-attachment":"scroll","background-type":"","background-media":"","overlay-type":"","overlay-color":"","overlay-opacity":"","overlay-gradient":""},"tablet":{"background-color":"var(--ast-global-color-4)","background-image":"","background-repeat":"repeat","background-position":"center center","background-size":"auto","background-attachment":"scroll","background-type":"","background-media":"","overlay-type":"","overlay-color":"","overlay-opacity":"","overlay-gradient":""},"mobile":{"background-color":"var(--ast-global-color-4)","background-image":"","background-repeat":"repeat","background-position":"center center","background-size":"auto","background-attachment":"scroll","background-type":"","background-media":"","overlay-type":"","overlay-color":"","overlay-opacity":"","overlay-gradient":""}}},"product_brand":[7025],"product_cat":[7191,7184,6920],"product_tag":[],"class_list":{"0":"post-394576","1":"product","2":"type-product","3":"status-publish","4":"has-post-thumbnail","6":"product_brand-alexander-smith","7":"product_cat-alexandersmith","8":"product_cat-sneaker","9":"product_cat-neuheiten-herren","10":"pa_colori-weiss","11":"pa_marca-alexander-smith","12":"pa_taglie-396","13":"pa_taglie-398","14":"pa_taglie-400","15":"pa_taglie-402","16":"pa_taglie-404","17":"pa_taglie-406","18":"desktop-align-left","19":"tablet-align-left","20":"mobile-align-left","21":"ast-product-gallery-layout-horizontal-slider","22":"ast-product-single-variable","23":"ast-product-tabs-layout-horizontal","25":"first","26":"instock","27":"sale","28":"shipping-taxable","29":"purchasable","30":"product-type-variable","31":"has-default-attributes"},"acf":[],"spectra_custom_meta":{"rank_math_internal_links_processed":["1"],"_backorders":["no"],"_download_limit":["-1"],"_download_expiry":["-1"],"_downloadable":["no"],"_manage_stock":["yes"],"_sku":["SMITH-ASBDSOM3667WBL"],"_global_unique_id":[""],"_stock":["6"],"_stock_status":["instock"],"_sold_individually":["no"],"_tax_class":[""],"_tax_status":["taxable"],"_virtual":["no"],"_visibility":["visible"],"_weight":["0"],"_width":["0"],"_height":["0"],"_length":["0"],"total_sales":["1"],"_regular_price":["198"],"_price":["166"],"_min_variation_price":["166"],"_max_variation_price":["166"],"stick-header-meta":["default"],"site-sidebar-layout":["default"],"theme-transparent-header-meta":["default"],"ast-site-content-layout":["default"],"site-content-style":["default"],"site-sidebar-style":["default"],"_product_image_gallery":["394578,394579,394580,394581"],"_thumbnail_id":["394577"],"_wcml_average_rating":[null],"_wcml_review_count":[null],"_wcml_rating_count":[null],"_product_attributes":["a:11:{s:8:\"pa_color\";a:6:{s:4:\"name\";s:8:\"pa_color\";s:5:\"value\";s:0:\"\";s:8:\"position\";i:0;s:10:\"is_visible\";i:0;s:12:\"is_variation\";i:0;s:11:\"is_taxonomy\";i:1;}s:7:\"pa_size\";a:6:{s:4:\"name\";s:7:\"pa_size\";s:5:\"value\";s:0:\"\";s:8:\"position\";i:1;s:10:\"is_visible\";i:0;s:12:\"is_variation\";i:0;s:11:\"is_taxonomy\";i:1;}s:8:\"pa_suola\";a:6:{s:4:\"name\";s:8:\"pa_suola\";s:5:\"value\";s:0:\"\";s:8:\"position\";i:2;s:10:\"is_visible\";i:1;s:12:\"is_variation\";i:0;s:11:\"is_taxonomy\";i:1;}s:22:\"pa_prezzodilistinoeuro\";a:6:{s:4:\"name\";s:22:\"pa_prezzodilistinoeuro\";s:5:\"value\";s:0:\"\";s:8:\"position\";i:3;s:10:\"is_visible\";i:1;s:12:\"is_variation\";i:0;s:11:\"is_taxonomy\";i:1;}s:8:\"pa_style\";a:6:{s:4:\"name\";s:8:\"pa_style\";s:5:\"value\";s:0:\"\";s:8:\"position\";i:4;s:10:\"is_visible\";i:1;s:12:\"is_variation\";i:0;s:11:\"is_taxonomy\";i:1;}s:13:\"pa_collezione\";a:6:{s:4:\"name\";s:13:\"pa_collezione\";s:5:\"value\";s:0:\"\";s:8:\"position\";i:5;s:10:\"is_visible\";i:1;s:12:\"is_variation\";i:0;s:11:\"is_taxonomy\";i:1;}s:9:\"pa_colori\";a:6:{s:4:\"name\";s:9:\"pa_colori\";s:5:\"value\";s:0:\"\";s:8:\"position\";i:6;s:10:\"is_visible\";i:1;s:12:\"is_variation\";i:1;s:11:\"is_taxonomy\";i:1;}s:9:\"pa_taglie\";a:6:{s:4:\"name\";s:9:\"pa_taglie\";s:5:\"value\";s:0:\"\";s:8:\"position\";i:7;s:10:\"is_visible\";i:1;s:12:\"is_variation\";i:1;s:11:\"is_taxonomy\";i:1;}s:8:\"pa_marca\";a:6:{s:4:\"name\";s:8:\"pa_marca\";s:5:\"value\";s:0:\"\";s:8:\"position\";i:8;s:10:\"is_visible\";i:1;s:12:\"is_variation\";i:0;s:11:\"is_taxonomy\";i:1;}s:6:\"pa_mpn\";a:6:{s:4:\"name\";s:6:\"pa_mpn\";s:5:\"value\";s:0:\"\";s:8:\"position\";i:9;s:10:\"is_visible\";i:1;s:12:\"is_variation\";i:0;s:11:\"is_taxonomy\";i:1;}s:11:\"pa_stagione\";a:6:{s:4:\"name\";s:11:\"pa_stagione\";s:5:\"value\";s:0:\"\";s:8:\"position\";i:10;s:10:\"is_visible\";i:0;s:12:\"is_variation\";i:0;s:11:\"is_taxonomy\";i:1;}}"],"_default_attributes":["a:1:{s:9:\"pa_colori\";s:5:\"weiss\";}"],"_min_price_variation_id":["394587"],"_min_regular_price_variation_id":["394587"],"_max_price_variation_id":["394587"],"_max_regular_price_variation_id":["394587"],"_wpml_word_count":["158"],"_uag_page_assets":["a:9:{s:3:\"css\";s:263:\".uag-blocks-common-selector{z-index:var(--z-index-desktop) !important}@media (max-width: 976px){.uag-blocks-common-selector{z-index:var(--z-index-tablet) !important}}@media (max-width: 767px){.uag-blocks-common-selector{z-index:var(--z-index-mobile) !important}}\n\";s:2:\"js\";s:0:\"\";s:18:\"current_block_list\";a:4:{i:0;s:14:\"core\/paragraph\";i:1;s:18:\"core\/legacy-widget\";i:2;s:14:\"core\/shortcode\";i:3;s:22:\"wpml\/language-switcher\";}s:8:\"uag_flag\";b:0;s:11:\"uag_version\";s:10:\"1775984865\";s:6:\"gfonts\";a:0:{}s:10:\"gfonts_url\";s:0:\"\";s:12:\"gfonts_files\";a:0:{}s:14:\"uag_faq_layout\";b:0;}"],"_uag_css_file_name":["uag-css-394576.css"],"_wc_rating_count":[""],"_wc_review_count":[""],"_wc_average_rating":[0]},"uagb_featured_image_src":{"full":["https:\/\/www.strikecalzature.it\/wp-content\/uploads\/2026\/03\/3685881SMITH-ASBDSOM3667WBL-001.jpeg",2000,2000,false],"thumbnail":["https:\/\/www.strikecalzature.it\/wp-content\/uploads\/2026\/03\/3685881SMITH-ASBDSOM3667WBL-001-250x250.jpeg",250,250,true],"medium":["https:\/\/www.strikecalzature.it\/wp-content\/uploads\/2026\/03\/3685881SMITH-ASBDSOM3667WBL-001-300x300.jpeg",300,300,true],"medium_large":["https:\/\/www.strikecalzature.it\/wp-content\/uploads\/2026\/03\/3685881SMITH-ASBDSOM3667WBL-001.jpeg",768,768,false],"large":["https:\/\/www.strikecalzature.it\/wp-content\/uploads\/2026\/03\/3685881SMITH-ASBDSOM3667WBL-001-1024x1024.jpeg",1024,1024,true],"1536x1536":["https:\/\/www.strikecalzature.it\/wp-content\/uploads\/2026\/03\/3685881SMITH-ASBDSOM3667WBL-001-1536x1536.jpeg",1536,1536,true],"2048x2048":["https:\/\/www.strikecalzature.it\/wp-content\/uploads\/2026\/03\/3685881SMITH-ASBDSOM3667WBL-001.jpeg",2000,2000,false],"woocommerce_thumbnail":["https:\/\/www.strikecalzature.it\/wp-content\/uploads\/2026\/03\/3685881SMITH-ASBDSOM3667WBL-001-320x320.jpeg",320,320,true],"woocommerce_single":["https:\/\/www.strikecalzature.it\/wp-content\/uploads\/2026\/03\/3685881SMITH-ASBDSOM3667WBL-001-600x600.jpeg",600,600,true],"woocommerce_gallery_thumbnail":["https:\/\/www.strikecalzature.it\/wp-content\/uploads\/2026\/03\/3685881SMITH-ASBDSOM3667WBL-001-100x100.jpeg",100,100,true]},"uagb_author_info":{"display_name":"Alessio Fiorini","author_link":"https:\/\/www.strikecalzature.it\/de\/author\/"},"uagb_comment_info":0,"uagb_excerpt":"ALEXANDER SMITH Herren Schuhe Sneaker Soho aus weichem Leder in Wei\u00df mit seitlich aufgedrucktem Logo und Fersendetail aus blauem Leder [&hellip;]","_links":{"self":[{"href":"https:\/\/www.strikecalzature.it\/de\/wp-json\/wp\/v2\/product\/394576","targetHints":{"allow":["GET"]}}],"collection":[{"href":"https:\/\/www.strikecalzature.it\/de\/wp-json\/wp\/v2\/product"}],"about":[{"href":"https:\/\/www.strikecalzature.it\/de\/wp-json\/wp\/v2\/types\/product"}],"wp:featuredmedia":[{"embeddable":true,"href":"https:\/\/www.strikecalzature.it\/de\/wp-json\/wp\/v2\/media\/394577"}],"wp:attachment":[{"href":"https:\/\/www.strikecalzature.it\/de\/wp-json\/wp\/v2\/media?parent=394576"}],"wp:term":[{"taxonomy":"product_brand","embeddable":true,"href":"https:\/\/www.strikecalzature.it\/de\/wp-json\/wp\/v2\/product_brand?post=394576"},{"taxonomy":"product_cat","embeddable":true,"href":"https:\/\/www.strikecalzature.it\/de\/wp-json\/wp\/v2\/product_cat?post=394576"},{"taxonomy":"product_tag","embeddable":true,"href":"https:\/\/www.strikecalzature.it\/de\/wp-json\/wp\/v2\/product_tag?post=394576"}],"curies":[{"name":"wp","href":"https:\/\/api.w.org\/{rel}","templated":true}]}}