{"id":396856,"date":"2026-03-12T23:16:10","date_gmt":"2026-03-12T23:16:10","guid":{"rendered":"https:\/\/www.strikecalzature.it\/shop\/unkategorisiert\/back-70-damen-musterkollektion-sneaker-nur-in-groesse-37-oder-38-neutrale-verpackung\/"},"modified":"2026-04-29T07:16:13","modified_gmt":"2026-04-23T09:02:29","slug":"back-70-damen-musterkollektion-sneaker-nur-in-groesse-37-oder-38-neutrale-verpackung","status":"publish","type":"product","link":"https:\/\/www.strikecalzature.it\/de\/shop\/marke\/back-70\/back-70-damen-musterkollektion-sneaker-nur-in-groesse-37-oder-38-neutrale-verpackung\/","title":{"rendered":"BACK 70 Damen Musterkollektion Sneaker NUR in Gr\u00f6\u00dfe 37 oder 38. Neutrale Verpackung"},"content":{"rendered":"<p>BACK 70 Damenschuhe<\/p>\n<p>BACK 70 Damen-Sneaker aus der Musterkollektion, Einzelst\u00fccke nur in Gr\u00f6\u00dfe 37 oder 38. Muster aus Messen oder Ausstellungen, sorgf\u00e4ltig gepr\u00fcft und in einwandfreiem Zustand. Versand ohne Originalverpackung, jedoch in neutraler wei\u00dfer Box.<\/p>\n<p>Offizielle Verkaufspreise in Italien: \u20ac 129\u2013159 (Europa: \u20ac 139\u2013159)<\/p>\n<p>Kollektion: Fr\u00fchjahr\u2013Sommer<\/p>\n","protected":false},"excerpt":{"rendered":"<p>BACK 70 Damenschuhe BACK 70 Damen-Sneaker aus der Musterkollektion, Einzelst\u00fccke nur in Gr\u00f6\u00dfe 37 oder 38. Muster aus Messen oder [&hellip;]<\/p>\n","protected":false},"featured_media":396637,"template":"","meta":{"_acf_changed":false,"_uag_custom_page_level_css":"","site-sidebar-layout":"default","site-content-layout":"","ast-site-content-layout":"default","site-content-style":"default","site-sidebar-style":"default","ast-global-header-display":"","ast-banner-title-visibility":"","ast-main-header-display":"","ast-hfb-above-header-display":"","ast-hfb-below-header-display":"","ast-hfb-mobile-header-display":"","site-post-title":"","ast-breadcrumbs-content":"","ast-featured-img":"","footer-sml-layout":"","ast-disable-related-posts":"","theme-transparent-header-meta":"default","adv-header-id-meta":"","stick-header-meta":"default","header-above-stick-meta":"","header-main-stick-meta":"","header-below-stick-meta":"","astra-migrate-meta-layouts":"set","ast-page-background-enabled":"default","ast-page-background-meta":{"desktop":{"background-color":"var(--ast-global-color-5)","background-image":"","background-repeat":"repeat","background-position":"center center","background-size":"auto","background-attachment":"scroll","background-type":"","background-media":"","overlay-type":"","overlay-color":"","overlay-opacity":"","overlay-gradient":""},"tablet":{"background-color":"","background-image":"","background-repeat":"repeat","background-position":"center center","background-size":"auto","background-attachment":"scroll","background-type":"","background-media":"","overlay-type":"","overlay-color":"","overlay-opacity":"","overlay-gradient":""},"mobile":{"background-color":"","background-image":"","background-repeat":"repeat","background-position":"center center","background-size":"auto","background-attachment":"scroll","background-type":"","background-media":"","overlay-type":"","overlay-color":"","overlay-opacity":"","overlay-gradient":""}},"ast-content-background-meta":{"desktop":{"background-color":"var(--ast-global-color-4)","background-image":"","background-repeat":"repeat","background-position":"center center","background-size":"auto","background-attachment":"scroll","background-type":"","background-media":"","overlay-type":"","overlay-color":"","overlay-opacity":"","overlay-gradient":""},"tablet":{"background-color":"var(--ast-global-color-4)","background-image":"","background-repeat":"repeat","background-position":"center center","background-size":"auto","background-attachment":"scroll","background-type":"","background-media":"","overlay-type":"","overlay-color":"","overlay-opacity":"","overlay-gradient":""},"mobile":{"background-color":"var(--ast-global-color-4)","background-image":"","background-repeat":"repeat","background-position":"center center","background-size":"auto","background-attachment":"scroll","background-type":"","background-media":"","overlay-type":"","overlay-color":"","overlay-opacity":"","overlay-gradient":""}}},"product_brand":[7036],"product_cat":[7201,6927],"product_tag":[],"class_list":{"0":"post-396856","1":"product","2":"type-product","3":"status-publish","4":"has-post-thumbnail","6":"product_brand-back-70","7":"product_cat-back-70","8":"product_cat-sneakers","9":"pa_marca-back70","10":"pa_taglie-390","11":"pa_taglie-392","12":"desktop-align-left","13":"tablet-align-left","14":"mobile-align-left","15":"ast-product-gallery-layout-horizontal-slider","16":"ast-product-gallery-with-no-image","17":"ast-product-single-variable","18":"ast-product-tabs-layout-horizontal","20":"first","21":"instock","22":"sale","23":"shipping-taxable","24":"purchasable","25":"product-type-variable"},"acf":[],"spectra_custom_meta":{"rank_math_internal_links_processed":["1"],"_backorders":["no"],"_download_limit":["-1"],"_download_expiry":["-1"],"_downloadable":["no"],"_manage_stock":["yes"],"_global_unique_id":[""],"_sold_individually":["no"],"_tax_status":["taxable"],"_virtual":["no"],"_visibility":["visible"],"_weight":["0"],"_width":["0"],"_height":["0"],"_length":["0"],"total_sales":["2"],"_min_variation_regular_price":["139"],"_min_variation_sale_price":["85"],"_max_variation_regular_price":["139"],"_max_variation_sale_price":["85"],"stick-header-meta":["default"],"site-sidebar-layout":["default"],"theme-transparent-header-meta":["default"],"ast-site-content-layout":["default"],"site-content-style":["default"],"site-sidebar-style":["default"],"_thumbnail_id":["396637"],"_min_sale_price_variation_id":["396857"],"_max_sale_price_variation_id":["396857"],"_product_image_gallery":[""],"rank_math_seo_score":["6"],"rank_math_contentai_score":["a:5:{s:8:\"keywords\";s:5:\"74.51\";s:9:\"wordCount\";s:1:\"0\";s:9:\"linkCount\";s:1:\"0\";s:12:\"headingCount\";s:1:\"0\";s:10:\"mediaCount\";s:1:\"0\";}"],"_ct_selectsizeguide":["#NONE#"],"_per_product_keep_item":["no"],"_wcml_average_rating":[null],"_wcml_review_count":[null],"_wcml_rating_count":[null],"_wc_average_rating":[0],"_wc_review_count":["0"],"_product_version":["10.7.0"],"astra-migrate-meta-layouts":["set"],"_product_attributes":["a:8:{s:7:\"pa_size\";a:6:{s:4:\"name\";s:7:\"pa_size\";s:5:\"value\";s:0:\"\";s:8:\"position\";i:0;s:10:\"is_visible\";i:0;s:12:\"is_variation\";i:0;s:11:\"is_taxonomy\";i:1;}s:8:\"pa_suola\";a:6:{s:4:\"name\";s:8:\"pa_suola\";s:5:\"value\";s:0:\"\";s:8:\"position\";i:1;s:10:\"is_visible\";i:1;s:12:\"is_variation\";i:0;s:11:\"is_taxonomy\";i:1;}s:8:\"pa_style\";a:6:{s:4:\"name\";s:8:\"pa_style\";s:5:\"value\";s:0:\"\";s:8:\"position\";i:2;s:10:\"is_visible\";i:1;s:12:\"is_variation\";i:0;s:11:\"is_taxonomy\";i:1;}s:11:\"pa_stagione\";a:6:{s:4:\"name\";s:11:\"pa_stagione\";s:5:\"value\";s:0:\"\";s:8:\"position\";i:3;s:10:\"is_visible\";i:0;s:12:\"is_variation\";i:0;s:11:\"is_taxonomy\";i:1;}s:13:\"pa_collezione\";a:6:{s:4:\"name\";s:13:\"pa_collezione\";s:5:\"value\";s:0:\"\";s:8:\"position\";i:4;s:10:\"is_visible\";i:1;s:12:\"is_variation\";i:0;s:11:\"is_taxonomy\";i:1;}s:9:\"pa_taglie\";a:6:{s:4:\"name\";s:9:\"pa_taglie\";s:5:\"value\";s:0:\"\";s:8:\"position\";i:5;s:10:\"is_visible\";i:1;s:12:\"is_variation\";i:1;s:11:\"is_taxonomy\";i:1;}s:8:\"pa_marca\";a:6:{s:4:\"name\";s:8:\"pa_marca\";s:5:\"value\";s:0:\"\";s:8:\"position\";i:6;s:10:\"is_visible\";i:0;s:12:\"is_variation\";i:0;s:11:\"is_taxonomy\";i:1;}s:10:\"pa_modello\";a:6:{s:4:\"name\";s:10:\"pa_modello\";s:5:\"value\";s:0:\"\";s:8:\"position\";i:7;s:10:\"is_visible\";i:1;s:12:\"is_variation\";i:1;s:11:\"is_taxonomy\";i:1;}}"],"_last_translation_edit_mode":["native-editor"],"_uag_page_assets":["a:9:{s:3:\"css\";s:263:\".uag-blocks-common-selector{z-index:var(--z-index-desktop) !important}@media (max-width: 976px){.uag-blocks-common-selector{z-index:var(--z-index-tablet) !important}}@media (max-width: 767px){.uag-blocks-common-selector{z-index:var(--z-index-mobile) !important}}\n\";s:2:\"js\";s:0:\"\";s:18:\"current_block_list\";a:4:{i:0;s:14:\"core\/paragraph\";i:1;s:18:\"core\/legacy-widget\";i:2;s:14:\"core\/shortcode\";i:3;s:22:\"wpml\/language-switcher\";}s:8:\"uag_flag\";b:0;s:11:\"uag_version\";s:10:\"1777450019\";s:6:\"gfonts\";a:0:{}s:10:\"gfonts_url\";s:0:\"\";s:12:\"gfonts_files\";a:0:{}s:14:\"uag_faq_layout\";b:0;}"],"_wpml_media_featured":["1"],"_wpml_media_duplicate":["1"],"_sku":["BACK70-CAMPIONI"],"_stock":["35"],"_stock_status":["instock"],"_tax_class":[""],"_max_price_variation_id":["396898"],"_min_price_variation_id":["396898"],"_max_regular_price_variation_id":["396898"],"_min_regular_price_variation_id":["396898"],"_min_variation_price":["85"],"_max_variation_price":["85"],"_price":["85"],"_regular_price":["139"],"_uag_css_file_name":["uag-css-396856.css"],"_wc_rating_count":[""]},"uagb_featured_image_src":{"full":["https:\/\/www.strikecalzature.it\/wp-content\/uploads\/2026\/03\/3752271BACK70-CAMPIONI.jpg",2000,2075,false],"thumbnail":["https:\/\/www.strikecalzature.it\/wp-content\/uploads\/2026\/03\/3752271BACK70-CAMPIONI-250x250.jpg",250,250,true],"medium":["https:\/\/www.strikecalzature.it\/wp-content\/uploads\/2026\/03\/3752271BACK70-CAMPIONI-289x300.jpg",289,300,true],"medium_large":["https:\/\/www.strikecalzature.it\/wp-content\/uploads\/2026\/03\/3752271BACK70-CAMPIONI.jpg",768,797,false],"large":["https:\/\/www.strikecalzature.it\/wp-content\/uploads\/2026\/03\/3752271BACK70-CAMPIONI-987x1024.jpg",987,1024,true],"1536x1536":["https:\/\/www.strikecalzature.it\/wp-content\/uploads\/2026\/03\/3752271BACK70-CAMPIONI-1480x1536.jpg",1480,1536,true],"2048x2048":["https:\/\/www.strikecalzature.it\/wp-content\/uploads\/2026\/03\/3752271BACK70-CAMPIONI-1974x2048.jpg",1974,2048,true],"woocommerce_thumbnail":["https:\/\/www.strikecalzature.it\/wp-content\/uploads\/2026\/03\/3752271BACK70-CAMPIONI-320x320.jpg",320,320,true],"woocommerce_single":["https:\/\/www.strikecalzature.it\/wp-content\/uploads\/2026\/03\/3752271BACK70-CAMPIONI-600x623.jpg",600,623,true],"woocommerce_gallery_thumbnail":["https:\/\/www.strikecalzature.it\/wp-content\/uploads\/2026\/03\/3752271BACK70-CAMPIONI-100x100.jpg",100,100,true]},"uagb_author_info":{"display_name":"Alessio Fiorini","author_link":"https:\/\/www.strikecalzature.it\/de\/author\/"},"uagb_comment_info":0,"uagb_excerpt":"BACK 70 Damenschuhe BACK 70 Damen-Sneaker aus der Musterkollektion, Einzelst\u00fccke nur in Gr\u00f6\u00dfe 37 oder 38. Muster aus Messen oder [&hellip;]","_links":{"self":[{"href":"https:\/\/www.strikecalzature.it\/de\/wp-json\/wp\/v2\/product\/396856","targetHints":{"allow":["GET"]}}],"collection":[{"href":"https:\/\/www.strikecalzature.it\/de\/wp-json\/wp\/v2\/product"}],"about":[{"href":"https:\/\/www.strikecalzature.it\/de\/wp-json\/wp\/v2\/types\/product"}],"wp:featuredmedia":[{"embeddable":true,"href":"https:\/\/www.strikecalzature.it\/de\/wp-json\/wp\/v2\/media\/396637"}],"wp:attachment":[{"href":"https:\/\/www.strikecalzature.it\/de\/wp-json\/wp\/v2\/media?parent=396856"}],"wp:term":[{"taxonomy":"product_brand","embeddable":true,"href":"https:\/\/www.strikecalzature.it\/de\/wp-json\/wp\/v2\/product_brand?post=396856"},{"taxonomy":"product_cat","embeddable":true,"href":"https:\/\/www.strikecalzature.it\/de\/wp-json\/wp\/v2\/product_cat?post=396856"},{"taxonomy":"product_tag","embeddable":true,"href":"https:\/\/www.strikecalzature.it\/de\/wp-json\/wp\/v2\/product_tag?post=396856"}],"curies":[{"name":"wp","href":"https:\/\/api.w.org\/{rel}","templated":true}]}}